{"id":861,"date":"2018-10-24T20:39:50","date_gmt":"2018-10-24T20:39:50","guid":{"rendered":"http:\/\/www.ewooks.fi\/?page_id=861"},"modified":"2024-04-22T06:13:54","modified_gmt":"2024-04-22T06:13:54","slug":"kayttoohjeet","status":"publish","type":"page","link":"https:\/\/www.ewooks.fi\/en\/kayttoohjeet\/","title":{"rendered":"K\u00e4ytt\u00f6ohjeet"},"content":{"rendered":"<p>T\u00e4st\u00e4 DriveNoter ja Cabidi k\u00e4ytt\u00f6ohjeisiin &#8211;&gt; <a href=\"https:\/\/www.ewooks.fi\/en\/kayttoohjeet\/ajopaivakirja\/\">K\u00e4ytt\u00f6ohjeet<\/a><\/p>\n<p>Muita ohjeita:<\/p>\n<p>Akun optimointi:\u00a0<a href=\"http:\/\/www.ewooks.fi\/en\/akun-optimointi\/\">http:\/\/www.ewooks.fi\/akun-optimointi\/<\/a><br \/>\nLaitekohtaisia virrans\u00e4\u00e4st\u00f6 asetuksia:\u00a0<a href=\"https:\/\/dontkillmyapp.com\/\">https:\/\/dontkillmyapp.com\/<\/a><\/p>\n<div class=\"bpress-wrap\">\n\t<div class=\"bpress-grid\">\n\t\t\t<div class=\"bpress-col bpress-col-1\">\n\t\t\t<div class=\"bpress-card bpress-product bpress-kb fix-height\">\n\t\t\t\t<a class=\"bpress-product-link bpress-kb-link\" href=\"https:\/\/www.ewooks.fi\/en\/kayttoohjeet\/ajopaivakirja_instructions\/\">\n\t\t\t\t\t<img decoding=\"async\" class=\"bpress-card-top-image\" src=\"https:\/\/www.ewooks.fi\/wp-content\/uploads\/2023\/04\/drivenoter-logo.png\">\n\t\t\t\t\t<h3 class=\"bpress-card-title\">Ajop\u00e4iv\u00e4kirja Ohjeet<\/h3>\n\t\t\t\t\t<span class=\"bpress-card-footer\">Valitse<\/span>\n\t\t\t\t<\/a>\n\t\t\t<\/div>\n\t\t<\/div>\n\t\t<\/div>\n<\/div>","protected":false},"excerpt":{"rendered":"<p>T\u00e4st\u00e4 DriveNoter ja Cabidi k\u00e4ytt\u00f6ohjeisiin &#8211;&gt; K\u00e4ytt\u00f6ohjeet Muita ohjeita: Akun optimointi:\u00a0http:\/\/www.ewooks.fi\/akun-optimointi\/ Laitekohtaisia virrans\u00e4\u00e4st\u00f6 asetuksia:\u00a0https:\/\/dontkillmyapp.com\/ Ajop\u00e4iv\u00e4kirja Ohjeet Valitse<\/p>","protected":false},"author":1,"featured_media":0,"parent":0,"menu_order":0,"comment_status":"closed","ping_status":"closed","template":"","meta":{"footnotes":""},"class_list":["post-861","page","type-page","status-publish","hentry"],"_links":{"self":[{"href":"https:\/\/www.ewooks.fi\/en\/wp-json\/wp\/v2\/pages\/861","targetHints":{"allow":["GET"]}}],"collection":[{"href":"https:\/\/www.ewooks.fi\/en\/wp-json\/wp\/v2\/pages"}],"about":[{"href":"https:\/\/www.ewooks.fi\/en\/wp-json\/wp\/v2\/types\/page"}],"author":[{"embeddable":true,"href":"https:\/\/www.ewooks.fi\/en\/wp-json\/wp\/v2\/users\/1"}],"replies":[{"embeddable":true,"href":"https:\/\/www.ewooks.fi\/en\/wp-json\/wp\/v2\/comments?post=861"}],"version-history":[{"count":0,"href":"https:\/\/www.ewooks.fi\/en\/wp-json\/wp\/v2\/pages\/861\/revisions"}],"wp:attachment":[{"href":"https:\/\/www.ewooks.fi\/en\/wp-json\/wp\/v2\/media?parent=861"}],"curies":[{"name":"wp","href":"https:\/\/api.w.org\/{rel}","templated":true}]}}