{"id":376,"date":"2018-01-05T11:47:01","date_gmt":"2018-01-05T11:47:01","guid":{"rendered":"http:\/\/www.ewooks.fi\/?page_id=376"},"modified":"2024-05-19T19:06:13","modified_gmt":"2024-05-19T19:06:13","slug":"ewooks","status":"publish","type":"page","link":"https:\/\/www.ewooks.fi\/en\/ewooks\/","title":{"rendered":"Ewooks"},"content":{"rendered":"<div class=\"wpb-content-wrapper\"><section data-vc-full-width=\"true\" data-vc-full-width-temp=\"true\" data-vc-full-width-init=\"false\" class=\"vc_section vc_custom_1515245441452 vc_section-has-fill vc_section-o-content-middle vc_section-flex\"><div data-vc-full-width=\"true\" data-vc-full-width-temp=\"true\" data-vc-full-width-init=\"false\" class=\"vc_row wpb_row vc_row-fluid vc_row-o-equal-height vc_row-o-content-middle vc_row-flex\"><div class=\"wpb_column vc_column_container vc_col-sm-7\"><div class=\"vc_column-inner\"><div class=\"wpb_wrapper\"><div style=\"block;\"><h3 style=\"display:font-size: 32px;text-align:left;line-height:32px;letter-spacing:0px;color: ;font-weight:bold;margin-bottom:0px; margin-top:0px; text-transform:\" id=\"fancy-title-69f23f33c7d74\" class=\"marki-fancy-title responsive-align-center standard-title left-align\"><span class=\"fancy-title-span pointed\" ><h2 class=\"mkdf-section-title mkdf-section-title-large\">DriveNoter &amp; Cabidi: Ajop\u00e4iv\u00e4kirja, taksalaskuri, tuntikirjanpito, kuljettaja ajop\u00e4iv\u00e4kirja<\/h2>\n<\/span><\/h3><\/div><div id=\"ajax-69f23f33c7d74\" class=\"marki-dynamic-styles\"><!--  #fancy-title-69f23f33c7d74 span{border-color:; border-width:0px !important;} #fancy-title-69f23f33c7d74:after, #fancy-title-69f23f33c7d74:before {background-color:; height:0px !important;} #fancy-title-69f23f33c7d74 a{ color: ; }--><\/div><div style=\"block;\"><h5 style=\"display:font-size: 24px;text-align:left;line-height:26px;letter-spacing:0px;color: ;font-weight:normal;margin-bottom:20px; margin-top:0px; text-transform:\" id=\"fancy-title-69f23f33c7e45\" class=\"marki-fancy-title responsive-align-center standard-title left-align\"><span class=\"fancy-title-span pointed\" >Actively developed since 2011<br\/>\n<\/span><\/h5><\/div><div id=\"ajax-69f23f33c7e45\" class=\"marki-dynamic-styles\"><!--  #fancy-title-69f23f33c7e45 span{border-color:; border-width:0px !important;} #fancy-title-69f23f33c7e45:after, #fancy-title-69f23f33c7e45:before {background-color:; height:0px !important;} #fancy-title-69f23f33c7e45 a{ color: ; }--><\/div><div><div style=\"font-size: 21px;color: ;font-weight:normal;margin-top:0px;margin-bottom:30px;\" id=\"fancy-title-69f23f33c7ff3\" class=\"marki-fancy-text title-box-left\"><span style=\"background-color:;line-height:26px\">The logbook is one of our most popular products. We are proud to have been developing it together with our users since 2011. Our logbook was the first application on the market to use both GPS and OBD. To date, the logbook and its sister apps have been downloaded more than 60,000 times from Google Play and have between 2,500 and 5,000 active users every day. The logbook combines a taximeter and an hourly logbook, and is designed for versatile use in both private and business transport. You can try our software for free, with no obligation.\n<em>When used correctly, DriveNoter and Cabidi meet the requirements set by the tax authorities.<\/em><\/span><\/div><div class=\"clearboth\"><\/div><\/div><\/div><\/div><\/div><div class=\"wpb_column vc_column_container vc_col-sm-5\"><div class=\"vc_column-inner\"><div class=\"wpb_wrapper\">\n\t<div class=\"wpb_raw_code wpb_raw_html wpb_content_element\" >\n\t\t<div class=\"wpb_wrapper\">\n\t\t\t<div class=\"video_container\">\n<iframe src=\"https:\/\/www.youtube.com\/embed\/VyEH1CYzkhk?vq=hd1080&autoplay=1&modestbranding=1&showinfo=0&rel=0&iv_load_policy=3&theme=light&fs=0&color=white&controls=0&disablekb=1\"  frameborder=\"0\" class=\"video\"><\/iframe>\n<\/div>\n\t\t<\/div>\n\t<\/div>\n<\/div><\/div><\/div><\/div><div class=\"vc_row-full-width vc_clearfix\"><\/div><div class=\"vc_row wpb_row vc_row-fluid\"><div class=\"wpb_column vc_column_container vc_col-sm-4\"><div class=\"vc_column-inner\"><div class=\"wpb_wrapper\"><div style=\"display:inline-block;\"><div class=\"marki-button-align center\"><a href=\"http:\/\/www.ewooks.fi\/en\/\"   class=\"marki-button btn-69f23f33c8f02  fill-button large pointed\"><span>LUE LIS\u00c4\u00c4<\/span><\/a><\/div><\/div><div id=\"ajax-69f23f33c8f02\" class=\"marki-dynamic-styles\"><!-- .btn-69f23f33c8f02 { color: !important; border: 0px solid ; margin-bottom:0px; margin-left:px; background-color:; font-size:14; } .btn-69f23f33c8f02::before { background-color: !important; } .btn-69f23f33c8f02:hover { color:#ffffff !important; border: 0px solid ; background: !important; }--><\/div><\/div><\/div><\/div><div class=\"wpb_column vc_column_container vc_col-sm-4\"><div class=\"vc_column-inner\"><div class=\"wpb_wrapper\"><\/div><\/div><\/div><div class=\"wpb_column vc_column_container vc_col-sm-4\"><div class=\"vc_column-inner\"><div class=\"wpb_wrapper\"><\/div><\/div><\/div><\/div><div class=\"vc_row wpb_row vc_row-fluid\"><div class=\"wpb_column vc_column_container vc_col-sm-12\"><div class=\"vc_column-inner\"><div class=\"wpb_wrapper\"><div class=\"vc_empty_space\"   style=\"height: 32px\"><span class=\"vc_empty_space_inner\"><\/span><\/div><\/div><\/div><\/div><\/div><\/section><div class=\"vc_row-full-width vc_clearfix\"><\/div><div data-vc-full-width=\"true\" data-vc-full-width-temp=\"true\" data-vc-full-width-init=\"false\" class=\"vc_row wpb_row vc_row-fluid vc_custom_1515245173621 vc_row-has-fill vc_row-o-equal-height vc_row-o-content-middle vc_row-flex\"><div class=\"wpb_column vc_column_container vc_col-sm-7\"><div class=\"vc_column-inner\"><div class=\"wpb_wrapper\"><div><div class=\"marki-image circular-false align-left style1-image\" style=\"max-width: 675px; margin-bottom:0px\" onclick=\"return true\"><img decoding=\"async\" alt=\"\" title=\"Ewooks\" src=\"\/\/www.ewooks.fi\/wp-content\/uploads\/2018\/06\/technology-662833_1920.jpg\" \/><div class=\"clearboth\"><\/div><\/div><\/div><\/div><\/div><\/div><div class=\"wpb_column vc_column_container vc_col-sm-5\"><div class=\"vc_column-inner\"><div class=\"wpb_wrapper\"><div style=\"block;\"><h3 style=\"display:font-size: 32px;text-align:left;line-height:42px;letter-spacing:0px;color: ;font-weight:bold;margin-bottom:0px; margin-top:0px; text-transform:\" id=\"fancy-title-69f23f33c9b8c\" class=\"marki-fancy-title responsive-align-center standard-title left-align\"><span class=\"fancy-title-span pointed\" >Ewooks live<br \/>\ntechnology!<br\/>\n<\/span><\/h3><\/div><div id=\"ajax-69f23f33c9b8c\" class=\"marki-dynamic-styles\"><!--  #fancy-title-69f23f33c9b8c span{border-color:; border-width:0px !important;} #fancy-title-69f23f33c9b8c:after, #fancy-title-69f23f33c9b8c:before {background-color:; height:0px !important;} #fancy-title-69f23f33c9b8c a{ color: ; }--><\/div><div style=\"block;\"><h5 style=\"display:font-size: 24px;text-align:left;line-height:26px;letter-spacing:0px;color: ;font-weight:normal;margin-bottom:20px; margin-top:0px; text-transform:\" id=\"fancy-title-69f23f33c9c7a\" class=\"marki-fancy-title responsive-align-center standard-title left-align\"><span class=\"fancy-title-span pointed\" >We create, study and experiment<br\/>\n<\/span><\/h5><\/div><div id=\"ajax-69f23f33c9c7a\" class=\"marki-dynamic-styles\"><!--  #fancy-title-69f23f33c9c7a span{border-color:; border-width:0px !important;} #fancy-title-69f23f33c9c7a:after, #fancy-title-69f23f33c9c7a:before {background-color:; height:0px !important;} #fancy-title-69f23f33c9c7a a{ color: ; }--><\/div><div><div style=\"font-size: 21px;color: ;font-weight:normal;margin-top:0px;margin-bottom:30px;\" id=\"fancy-title-69f23f33c9d2d\" class=\"marki-fancy-text title-box-left\"><span style=\"background-color:;line-height:26px\">Ewooks, perustettu vuonna 2011, tarjoaa ohjelmointia, verkkosivujen yll\u00e4pitoa ja omien ohjelmien kehitt\u00e4mist\u00e4. Yksi merkitt\u00e4vimmist\u00e4 projekteistamme on <a href=\"https:\/\/www.mansentaksit.fi\">Laatutaksi Jokinen Oy<\/a>:n verkkosivut, tilausj\u00e4rjestelm\u00e4 ja integraatiot Cabidi-ohjelmistoon. Yrityksen toimialaan kuuluu my\u00f6s pelien kehitys, mobiilisovellukset, taustaj\u00e4rjestelm\u00e4t, palvelinten hallinta, elektroniikka ja teko\u00e4ly. Valmistamme prototyyppej\u00e4 3D-tulostimella, suunnittelemme robotteja ja toteutamme unelmia \u2013 vain taivas on rajana.<\/span><\/div><div class=\"clearboth\"><\/div><\/div><\/div><\/div><\/div><\/div><div class=\"vc_row-full-width vc_clearfix\"><\/div>\n<\/div>","protected":false},"excerpt":{"rendered":"DriveNoter &amp; Cabidi: Ajop\u00e4iv\u00e4kirja, taksalaskuri, tuntikirjanpito, kuljettaja ajop\u00e4iv\u00e4kirja Vuodesta 2011 asti aktiivisesti kehitetty Ajop\u00e4iv\u00e4kirja on yksi suosituimmista tuotteistamme. Olemme ylpeit\u00e4, ett\u00e4 olemme kehitt\u00e4neet sit\u00e4 yhdess\u00e4 k\u00e4ytt\u00e4jiemme kanssa jo vuodesta 2011. Ajop\u00e4iv\u00e4kirjamme oli markkinoiden ensimm\u00e4inen sovellus, joka hy\u00f6dynt\u00e4\u00e4 sek\u00e4 GPS:\u00e4\u00e4 ett\u00e4 OBD:t\u00e4. T\u00e4h\u00e4n p\u00e4iv\u00e4\u00e4n menness\u00e4 ajop\u00e4iv\u00e4kirja ja sen sisarsovellukset on ladattu Google Playsta yli 60 000 [...]","protected":false},"author":1,"featured_media":0,"parent":0,"menu_order":0,"comment_status":"closed","ping_status":"closed","template":"","meta":{"footnotes":""},"class_list":["post-376","page","type-page","status-publish","hentry"],"_links":{"self":[{"href":"https:\/\/www.ewooks.fi\/en\/wp-json\/wp\/v2\/pages\/376","targetHints":{"allow":["GET"]}}],"collection":[{"href":"https:\/\/www.ewooks.fi\/en\/wp-json\/wp\/v2\/pages"}],"about":[{"href":"https:\/\/www.ewooks.fi\/en\/wp-json\/wp\/v2\/types\/page"}],"author":[{"embeddable":true,"href":"https:\/\/www.ewooks.fi\/en\/wp-json\/wp\/v2\/users\/1"}],"replies":[{"embeddable":true,"href":"https:\/\/www.ewooks.fi\/en\/wp-json\/wp\/v2\/comments?post=376"}],"version-history":[{"count":1,"href":"https:\/\/www.ewooks.fi\/en\/wp-json\/wp\/v2\/pages\/376\/revisions"}],"predecessor-version":[{"id":3242,"href":"https:\/\/www.ewooks.fi\/en\/wp-json\/wp\/v2\/pages\/376\/revisions\/3242"}],"wp:attachment":[{"href":"https:\/\/www.ewooks.fi\/en\/wp-json\/wp\/v2\/media?parent=376"}],"curies":[{"name":"wp","href":"https:\/\/api.w.org\/{rel}","templated":true}]}}