{"id":3013,"date":"2024-04-26T21:38:53","date_gmt":"2024-04-26T21:38:53","guid":{"rendered":"https:\/\/www.ewooks.fi\/?page_id=3013"},"modified":"2025-10-15T13:37:10","modified_gmt":"2025-10-15T13:37:10","slug":"evasteet","status":"publish","type":"page","link":"https:\/\/www.ewooks.fi\/en\/evasteet\/","title":{"rendered":"Ev\u00e4steet"},"content":{"rendered":"<div class=\"wpb-content-wrapper\"><div class=\"vc_row wpb_row vc_row-fluid\"><div class=\"wpb_column vc_column_container vc_col-sm-12\"><div class=\"vc_column-inner\"><div class=\"wpb_wrapper\"><div><div class=\"marki-text-block responsive-align-center\"><h1 data-start=\"295\" data-end=\"340\">tmi Ewooks \u2013 Ev\u00e4stek\u00e4yt\u00e4nt\u00f6 (Cookie Policy)<\/h1>\n<p data-start=\"342\" data-end=\"517\"><strong data-start=\"342\" data-end=\"362\">Voimassa alkaen:<\/strong> 1.1.2025<br data-start=\"375\" data-end=\"378\" \/><strong data-start=\"378\" data-end=\"399\">Rekisterinpit\u00e4j\u00e4:<\/strong> tmi Ewooks (Y-tunnus 2918658-2)<br data-start=\"431\" data-end=\"434\" \/><strong data-start=\"434\" data-end=\"445\">Osoite:<\/strong> Vesihaudantie 13, 90450 Kempele, Suomi<br data-start=\"484\" data-end=\"487\" \/><strong data-start=\"487\" data-end=\"502\">S\u00e4hk\u00f6posti:<\/strong> <a class=\"decorated-link cursor-pointer\" rel=\"noopener\" data-start=\"503\" data-end=\"517\">info@ewooks.fi<\/a><\/p>\n<hr data-start=\"519\" data-end=\"522\" \/>\n<h2 data-start=\"524\" data-end=\"548\">1. Mit\u00e4 ev\u00e4steet ovat<\/h2>\n<p data-start=\"550\" data-end=\"860\">Ev\u00e4steet ovat pieni\u00e4 tekstitiedostoja, jotka tallennetaan k\u00e4ytt\u00e4j\u00e4n p\u00e4\u00e4telaitteelle h\u00e4nen vieraillessaan verkkosivustolla. Ev\u00e4steiden avulla sivusto muistaa k\u00e4ytt\u00e4j\u00e4n asetuksia, tunnistaa selaimen, parantaa k\u00e4ytt\u00f6kokemusta ja mahdollistaa sivuston tekniset perustoiminnot, analytiikan ja mainonnan mittaamisen.<\/p>\n<hr data-start=\"862\" data-end=\"865\" \/>\n<h2 data-start=\"867\" data-end=\"897\">2. Miten k\u00e4yt\u00e4mme ev\u00e4steit\u00e4<\/h2>\n<p data-start=\"899\" data-end=\"953\">tmi Ewooks k\u00e4ytt\u00e4\u00e4 ev\u00e4steit\u00e4 seuraaviin tarkoituksiin:<\/p>\n<ul data-start=\"955\" data-end=\"1720\">\n<li data-start=\"955\" data-end=\"1177\">\n<p data-start=\"957\" data-end=\"1177\"><strong data-start=\"957\" data-end=\"985\">V\u00e4ltt\u00e4m\u00e4tt\u00f6m\u00e4t ev\u00e4steet:<\/strong> Mahdollistavat sivuston perustoiminnot, kuten kirjautumisen, yhteyden turvallisen muodostamisen ja istunnon hallinnan. N\u00e4it\u00e4 ei voi poistaa k\u00e4yt\u00f6st\u00e4 ilman ett\u00e4 sivuston toiminta h\u00e4iriintyy.<\/p>\n<\/li>\n<li data-start=\"1178\" data-end=\"1312\">\n<p data-start=\"1180\" data-end=\"1312\"><strong data-start=\"1180\" data-end=\"1208\">Toiminnalliset ev\u00e4steet:<\/strong> Parantavat k\u00e4ytt\u00f6kokemusta muistamalla k\u00e4ytt\u00e4j\u00e4n asetuksia, kuten valitun kielen tai ev\u00e4steasetukset.<\/p>\n<\/li>\n<li data-start=\"1313\" data-end=\"1505\">\n<p data-start=\"1315\" data-end=\"1505\"><strong data-start=\"1315\" data-end=\"1339\">Analytiikkaev\u00e4steet:<\/strong> Auttaa meit\u00e4 ymm\u00e4rt\u00e4m\u00e4\u00e4n, miten k\u00e4ytt\u00e4j\u00e4t k\u00e4ytt\u00e4v\u00e4t sivustoa (esimerkiksi mit\u00e4 sivuja avataan ja milt\u00e4 laitteilta). N\u00e4it\u00e4 k\u00e4ytt\u00e4\u00e4 esimerkiksi <strong data-start=\"1482\" data-end=\"1502\">Google Analytics<\/strong>.<\/p>\n<\/li>\n<li data-start=\"1506\" data-end=\"1720\">\n<p data-start=\"1508\" data-end=\"1720\"><strong data-start=\"1508\" data-end=\"1558\">Markkinointi- ja kolmannen osapuolen ev\u00e4steet:<\/strong> K\u00e4ytet\u00e4\u00e4n mainonnan ja sis\u00e4lt\u00f6jen kohdentamiseen sek\u00e4 mittaamiseen. N\u00e4it\u00e4 voivat asettaa esimerkiksi <strong data-start=\"1660\" data-end=\"1674\">Google Ads<\/strong>, <strong data-start=\"1676\" data-end=\"1687\">YouTube<\/strong>, <strong data-start=\"1689\" data-end=\"1701\">Facebook<\/strong> tai muut palvelut.<\/p>\n<\/li>\n<\/ul>\n<p data-start=\"1722\" data-end=\"1862\">Ev\u00e4steet eiv\u00e4t sis\u00e4ll\u00e4 henkil\u00f6tietoja, ellei k\u00e4ytt\u00e4j\u00e4 itse ole antanut niit\u00e4 esimerkiksi kirjautumisen tai yhteydenottolomakkeen yhteydess\u00e4.<\/p>\n<hr data-start=\"1864\" data-end=\"1867\" \/>\n<h2 data-start=\"1869\" data-end=\"1903\">3. Kolmannen osapuolen ev\u00e4steet<\/h2>\n<p data-start=\"1905\" data-end=\"2094\">Sivustolla voidaan k\u00e4ytt\u00e4\u00e4 kolmansien osapuolien palveluja, jotka asettavat omia ev\u00e4steit\u00e4\u00e4n. N\u00e4m\u00e4 toimijat voivat k\u00e4sitell\u00e4 tietoja omien ehtojensa ja tietosuojak\u00e4yt\u00e4nt\u00f6jens\u00e4 mukaisesti.<\/p>\n<div class=\"_tableContainer_1rjym_1\">\n<div class=\"group _tableWrapper_1rjym_13 flex w-fit flex-col-reverse\" tabindex=\"-1\">\n<table class=\"w-fit min-w-(--thread-content-width)\" data-start=\"2096\" data-end=\"2836\">\n<thead data-start=\"2096\" data-end=\"2140\">\n<tr data-start=\"2096\" data-end=\"2140\">\n<th data-start=\"2096\" data-end=\"2106\" data-col-size=\"sm\">Palvelu<\/th>\n<th data-start=\"2106\" data-end=\"2118\" data-col-size=\"md\">Tarkoitus<\/th>\n<th data-start=\"2118\" data-end=\"2140\" data-col-size=\"md\">Tietosuojak\u00e4yt\u00e4nt\u00f6<\/th>\n<\/tr>\n<\/thead>\n<tbody data-start=\"2188\" data-end=\"2836\">\n<tr data-start=\"2188\" data-end=\"2398\">\n<td data-start=\"2188\" data-end=\"2222\" data-col-size=\"sm\"><strong data-start=\"2190\" data-end=\"2221\">Google Analytics \/ Firebase<\/strong><\/td>\n<td data-col-size=\"md\" data-start=\"2222\" data-end=\"2282\">Sivuston k\u00e4yt\u00f6n analysointi ja suorituskyvyn kehitt\u00e4minen<\/td>\n<td data-col-size=\"md\" data-start=\"2282\" data-end=\"2398\"><a class=\"decorated-link cursor-pointer\" target=\"_new\" rel=\"noopener\" data-start=\"2284\" data-end=\"2396\">https:\/\/policies.google.com\/technologies\/cookies?hl=fi<\/a><\/td>\n<\/tr>\n<tr data-start=\"2399\" data-end=\"2557\">\n<td data-start=\"2399\" data-end=\"2430\" data-col-size=\"sm\"><strong data-start=\"2401\" data-end=\"2429\">Google Ads \/ Tag Manager<\/strong><\/td>\n<td data-col-size=\"md\" data-start=\"2430\" data-end=\"2467\">Mainonnan mittaus ja kohdentaminen<\/td>\n<td data-col-size=\"md\" data-start=\"2467\" data-end=\"2557\"><a class=\"decorated-link cursor-pointer\" target=\"_new\" rel=\"noopener\" data-start=\"2469\" data-end=\"2555\">https:\/\/policies.google.com\/privacy?hl=fi<\/a><\/td>\n<\/tr>\n<tr data-start=\"2558\" data-end=\"2704\">\n<td data-start=\"2558\" data-end=\"2586\" data-col-size=\"sm\"><strong data-start=\"2560\" data-end=\"2585\">YouTube \/ Google Maps<\/strong><\/td>\n<td data-col-size=\"md\" data-start=\"2586\" data-end=\"2614\">Video- ja karttaupotukset<\/td>\n<td data-col-size=\"md\" data-start=\"2614\" data-end=\"2704\"><a class=\"decorated-link cursor-pointer\" target=\"_new\" rel=\"noopener\" data-start=\"2616\" data-end=\"2702\">https:\/\/policies.google.com\/privacy?hl=fi<\/a><\/td>\n<\/tr>\n<tr data-start=\"2705\" data-end=\"2836\">\n<td data-start=\"2705\" data-end=\"2717\" data-col-size=\"sm\"><strong data-start=\"2707\" data-end=\"2716\">SumUp<\/strong><\/td>\n<td data-col-size=\"md\" data-start=\"2717\" data-end=\"2770\">Maksuliikenteen toteuttaminen (vain maksusivuilla)<\/td>\n<td data-col-size=\"md\" data-start=\"2770\" data-end=\"2836\"><a class=\"decorated-link\" href=\"https:\/\/sumup.fi\/kayttoehdot\/\" target=\"_new\" rel=\"noopener\" data-start=\"2772\" data-end=\"2834\">https:\/\/sumup.fi\/kayttoehdot\/<\/a><\/td>\n<\/tr>\n<\/tbody>\n<\/table>\n<\/div>\n<\/div>\n<p data-start=\"2838\" data-end=\"2915\">tmi Ewooks ei vastaa kolmansien osapuolien ev\u00e4steist\u00e4 tai niiden hallinnasta.<\/p>\n<hr data-start=\"2917\" data-end=\"2920\" \/>\n<h2 data-start=\"2922\" data-end=\"2960\">4. Ev\u00e4steiden hallinta ja est\u00e4minen<\/h2>\n<p data-start=\"2962\" data-end=\"3010\">K\u00e4ytt\u00e4j\u00e4 voi hallita ev\u00e4steit\u00e4 seuraavin tavoin:<\/p>\n<ul data-start=\"3012\" data-end=\"3262\">\n<li data-start=\"3012\" data-end=\"3104\">\n<p data-start=\"3014\" data-end=\"3104\"><strong data-start=\"3014\" data-end=\"3064\">Hyv\u00e4ksy\u00e4 tai hyl\u00e4t\u00e4 ei-v\u00e4ltt\u00e4m\u00e4tt\u00f6m\u00e4t ev\u00e4steet<\/strong> ev\u00e4stebannerin kautta (jos k\u00e4yt\u00f6ss\u00e4).<\/p>\n<\/li>\n<li data-start=\"3105\" data-end=\"3153\">\n<p data-start=\"3107\" data-end=\"3153\"><strong data-start=\"3107\" data-end=\"3151\">Poistaa ev\u00e4steet selaimensa asetuksista.<\/strong><\/p>\n<\/li>\n<li data-start=\"3154\" data-end=\"3262\">\n<p data-start=\"3156\" data-end=\"3262\"><strong data-start=\"3156\" data-end=\"3183\">Est\u00e4\u00e4 ev\u00e4steet kokonaan<\/strong>, mutta t\u00e4ll\u00f6in osa sivuston toiminnoista voi esty\u00e4 tai toimia puutteellisesti.<\/p>\n<\/li>\n<\/ul>\n<p data-start=\"3264\" data-end=\"3310\">Lis\u00e4tietoja ev\u00e4steiden hallinnasta selaimissa:<\/p>\n<ul data-start=\"3311\" data-end=\"3609\">\n<li data-start=\"3311\" data-end=\"3384\">\n<p data-start=\"3313\" data-end=\"3384\"><a class=\"decorated-link cursor-pointer\" target=\"_new\" rel=\"noopener\" data-start=\"3313\" data-end=\"3382\">Google Chrome<\/a><\/p>\n<\/li>\n<li data-start=\"3385\" data-end=\"3461\">\n<p data-start=\"3387\" data-end=\"3461\"><a class=\"decorated-link cursor-pointer\" target=\"_new\" rel=\"noopener\" data-start=\"3387\" data-end=\"3459\">Mozilla Firefox<\/a><\/p>\n<\/li>\n<li data-start=\"3462\" data-end=\"3532\">\n<p data-start=\"3464\" data-end=\"3532\"><a class=\"decorated-link cursor-pointer\" target=\"_new\" rel=\"noopener\" data-start=\"3464\" data-end=\"3530\">Microsoft Edge<\/a><\/p>\n<\/li>\n<li data-start=\"3533\" data-end=\"3609\">\n<p data-start=\"3535\" data-end=\"3609\"><a class=\"decorated-link cursor-pointer\" target=\"_new\" rel=\"noopener\" data-start=\"3535\" data-end=\"3609\">Apple Safari<\/a><\/p>\n<\/li>\n<\/ul>\n<hr data-start=\"3611\" data-end=\"3614\" \/>\n<h2 data-start=\"3616\" data-end=\"3645\">5. Ev\u00e4steiden s\u00e4ilytysaika<\/h2>\n<p data-start=\"3647\" data-end=\"3902\">Ev\u00e4steet s\u00e4ilyv\u00e4t k\u00e4ytt\u00e4j\u00e4n laitteella yleens\u00e4 ennalta m\u00e4\u00e4ritetyn ajan (esimerkiksi 1 p\u00e4iv\u00e4 \u2013 12 kuukautta) tai siihen asti, kunnes k\u00e4ytt\u00e4j\u00e4 poistaa ne selaimensa asetuksista. V\u00e4ltt\u00e4m\u00e4tt\u00f6m\u00e4t istuntoev\u00e4steet poistuvat automaattisesti, kun selain suljetaan.<\/p>\n<hr data-start=\"3904\" data-end=\"3907\" \/>\n<h2 data-start=\"3909\" data-end=\"3940\">6. Ev\u00e4stek\u00e4yt\u00e4nn\u00f6n muutokset<\/h2>\n<p data-start=\"3942\" data-end=\"4176\">tmi Ewooks voi p\u00e4ivitt\u00e4\u00e4 t\u00e4t\u00e4 ev\u00e4stek\u00e4yt\u00e4nt\u00f6\u00e4, jos k\u00e4ytett\u00e4v\u00e4t ev\u00e4steet, teknologiat tai lains\u00e4\u00e4d\u00e4nt\u00f6 muuttuvat. Uusin versio on aina luettavissa osoitteessa:<br data-start=\"4100\" data-end=\"4103\" \/>\ud83d\udc49 <a class=\"decorated-link\" href=\"https:\/\/www.ewooks.fi\/en\/kayttoehdot\/?utm_source=chatgpt.com\" target=\"_new\" rel=\"noopener\" data-start=\"4106\" data-end=\"4176\">https:\/\/www.ewooks.fi\/kayttoehdot<\/a><\/p>\n<hr data-start=\"4178\" data-end=\"4181\" \/>\n<h2 data-start=\"4183\" data-end=\"4201\">7. Yhteystiedot<\/h2>\n<p data-start=\"4203\" data-end=\"4283\">Jos sinulla on kysytt\u00e4v\u00e4\u00e4 ev\u00e4steiden k\u00e4yt\u00f6st\u00e4 tai tietosuojasta, ota yhteytt\u00e4:<\/p>\n<p data-start=\"4285\" data-end=\"4350\"><strong data-start=\"4285\" data-end=\"4299\">tmi Ewooks<\/strong><br data-start=\"4299\" data-end=\"4302\" \/>Vesihaudantie 13, 90450 Kempele<br data-start=\"4333\" data-end=\"4336\" \/><a class=\"decorated-link cursor-pointer\" rel=\"noopener\" data-start=\"4336\" data-end=\"4350\">info@ewooks.fi<\/a><\/p>\n<p><!-- \/wp:post-content --><\/p>\n<p><!-- wp:paragraph -->Voit muokata t\u00e4lle sivustolle antamiasi ev\u00e4steit\u00e4 t\u00e4st\u00e4 &#8211;&gt; <a class=\"nsc-bara-manage-cookie-settings\" style=\"cursor: pointer;\">Hallinoin ev\u00e4steit\u00e4<\/a><\/p>\n<p><!-- \/wp:paragraph -->\u00a0<\/p>\n<div class=\"clearboth\"><\/div><\/div> <\/div><\/div><\/div><\/div><\/div><\/div>","protected":false},"excerpt":{"rendered":"tmi Ewooks \u2013 Ev\u00e4stek\u00e4yt\u00e4nt\u00f6 (Cookie Policy) Voimassa alkaen: 1.1.2025Rekisterinpit\u00e4j\u00e4: tmi Ewooks (Y-tunnus 2918658-2)Osoite: Vesihaudantie 13, 90450 Kempele, SuomiS\u00e4hk\u00f6posti: info@ewooks.fi 1. Mit\u00e4 ev\u00e4steet ovat Ev\u00e4steet ovat pieni\u00e4 tekstitiedostoja, jotka tallennetaan k\u00e4ytt\u00e4j\u00e4n p\u00e4\u00e4telaitteelle h\u00e4nen vieraillessaan verkkosivustolla. Ev\u00e4steiden avulla sivusto muistaa k\u00e4ytt\u00e4j\u00e4n asetuksia, tunnistaa selaimen, parantaa k\u00e4ytt\u00f6kokemusta ja mahdollistaa sivuston tekniset perustoiminnot, analytiikan ja mainonnan mittaamisen. 2. Miten [...]","protected":false},"author":1,"featured_media":0,"parent":0,"menu_order":0,"comment_status":"closed","ping_status":"closed","template":"","meta":{"footnotes":""},"class_list":["post-3013","page","type-page","status-publish","hentry"],"_links":{"self":[{"href":"https:\/\/www.ewooks.fi\/en\/wp-json\/wp\/v2\/pages\/3013","targetHints":{"allow":["GET"]}}],"collection":[{"href":"https:\/\/www.ewooks.fi\/en\/wp-json\/wp\/v2\/pages"}],"about":[{"href":"https:\/\/www.ewooks.fi\/en\/wp-json\/wp\/v2\/types\/page"}],"author":[{"embeddable":true,"href":"https:\/\/www.ewooks.fi\/en\/wp-json\/wp\/v2\/users\/1"}],"replies":[{"embeddable":true,"href":"https:\/\/www.ewooks.fi\/en\/wp-json\/wp\/v2\/comments?post=3013"}],"version-history":[{"count":2,"href":"https:\/\/www.ewooks.fi\/en\/wp-json\/wp\/v2\/pages\/3013\/revisions"}],"predecessor-version":[{"id":3587,"href":"https:\/\/www.ewooks.fi\/en\/wp-json\/wp\/v2\/pages\/3013\/revisions\/3587"}],"wp:attachment":[{"href":"https:\/\/www.ewooks.fi\/en\/wp-json\/wp\/v2\/media?parent=3013"}],"curies":[{"name":"wp","href":"https:\/\/api.w.org\/{rel}","templated":true}]}}