{"id":2766,"date":"2023-03-21T11:12:57","date_gmt":"2023-03-21T11:12:57","guid":{"rendered":"https:\/\/www.ewooks.fi\/?page_id=2766"},"modified":"2024-05-18T18:46:12","modified_gmt":"2024-05-18T18:46:12","slug":"lunasta-lahjakoodi","status":"publish","type":"page","link":"https:\/\/www.ewooks.fi\/en\/lunasta-lahjakoodi\/","title":{"rendered":"Lunasta lahjakoodi"},"content":{"rendered":"<div class=\"wpb-content-wrapper\"><p>&nbsp;<\/p>\r\n<div class=\"vc_row wpb_row vc_row-fluid\"><div class=\"wpb_column vc_column_container vc_col-sm-12\"><div class=\"vc_column-inner\"><div class=\"wpb_wrapper\"><div><div class=\"marki-text-block responsive-align-center\">\n<p>Hei WOW, l\u00f6ysit t\u00e4nne salaiselle sivulle! T\u00e4ss\u00e4 lahjasi! Sovelluksen tilaaminen tarjouskoodilla <strong>KOKEILU2024<\/strong>: Ohjeet tarjouksen lunastamiseen<\/p>\n<p>&nbsp;<\/p>\n<ol class=\"wp-block-list\">\n<li style=\"list-style-type: none;\">\n<ol>\n<li>Avaa <strong>Google Play Kauppa -sovellus<\/strong> Android-puhelimella tai \u2011tabletilla.<\/li>\n<li>Varmista, ett\u00e4 olet kirjautuneena <strong>oikealle Google-tilille<\/strong>.<\/li>\n<li>Etsi ja avaa sovellus, jossa on maksullisia ominaisuuksia (DriveNoter &#8211; Ajop\u00e4iv\u00e4kirja).<\/li>\n<li>Valitse <strong>Order<\/strong>.<\/li>\n<li>Valitse tilausvaihtoehto (STARTER 1kk paketti) ja tarkista tilauksen ja paketin tiedot.<\/li>\n<li>Valitse <strong>maksutapa<\/strong>.<\/li>\n<li>Napauta kohtaa, jossa lukee &#8220;Onko sinulla lahjakortti, tarjouskoodi tai alennuskoodi?&#8221; ja sy\u00f6t\u00e4 tarjouskoodi <strong>KOKEILU2024<\/strong>.<\/li>\n<li>Valitse <strong>Order<\/strong>.<\/li>\n<\/ol>\n<\/li>\n<\/ol>\n<p>Vinkki: Jos et halua jatkaa tilausta ilmaisen kokeilujakson j\u00e4lkeen, muista peruuttaa tilaus ennen kokeilujakson p\u00e4\u00e4ttymist\u00e4. N\u00e4in kokeilu p\u00e4\u00e4ttyy eik\u00e4 sinua veloiteta.<\/p>\n<p>Nyt olet onnistuneesti lunastanut tarjouksen koodilla KOKEILU2024 Nauti 30 p\u00e4iv\u00e4n ilmaisesta kokeiluajasta DriveNoter &#8211; Ajop\u00e4iv\u00e4kirja -sovelluksessa ja ota kaikki irti palveluistamme. Jos sinulla on kysytt\u00e4v\u00e4\u00e4 tai tarvitset apua, asiakaspalvelumme auttaa sinua mielell\u00e4\u00e4n.<\/p>\n<p>&nbsp;<\/p>\n<p>P\u00e4ivitetty 18.5.2024<\/p>\n<p>&nbsp;<\/p>\n<div class=\"clearboth\"><\/div><\/div> <\/div><\/div><\/div><\/div><div class=\"wpb_column vc_column_container vc_col-sm-12\"><div class=\"vc_column-inner\"><div class=\"wpb_wrapper\"><\/div><\/div><\/div><\/div><\/div>","protected":false},"excerpt":{"rendered":"<p>&nbsp;<\/p>","protected":false},"author":1,"featured_media":0,"parent":0,"menu_order":0,"comment_status":"closed","ping_status":"closed","template":"","meta":{"footnotes":""},"class_list":["post-2766","page","type-page","status-publish","hentry"],"_links":{"self":[{"href":"https:\/\/www.ewooks.fi\/en\/wp-json\/wp\/v2\/pages\/2766","targetHints":{"allow":["GET"]}}],"collection":[{"href":"https:\/\/www.ewooks.fi\/en\/wp-json\/wp\/v2\/pages"}],"about":[{"href":"https:\/\/www.ewooks.fi\/en\/wp-json\/wp\/v2\/types\/page"}],"author":[{"embeddable":true,"href":"https:\/\/www.ewooks.fi\/en\/wp-json\/wp\/v2\/users\/1"}],"replies":[{"embeddable":true,"href":"https:\/\/www.ewooks.fi\/en\/wp-json\/wp\/v2\/comments?post=2766"}],"version-history":[{"count":16,"href":"https:\/\/www.ewooks.fi\/en\/wp-json\/wp\/v2\/pages\/2766\/revisions"}],"predecessor-version":[{"id":3225,"href":"https:\/\/www.ewooks.fi\/en\/wp-json\/wp\/v2\/pages\/2766\/revisions\/3225"}],"wp:attachment":[{"href":"https:\/\/www.ewooks.fi\/en\/wp-json\/wp\/v2\/media?parent=2766"}],"curies":[{"name":"wp","href":"https:\/\/api.w.org\/{rel}","templated":true}]}}