{"id":2633,"date":"2022-07-25T20:59:09","date_gmt":"2022-07-25T20:59:09","guid":{"rendered":"https:\/\/www.ewooks.fi\/?page_id=2633"},"modified":"2022-07-25T21:19:59","modified_gmt":"2022-07-25T21:19:59","slug":"ordering-a-logbook-with-an-invoice","status":"publish","type":"page","link":"https:\/\/www.ewooks.fi\/en\/ordering-a-logbook-with-an-invoice\/","title":{"rendered":"Ordering a logbook with an invoice"},"content":{"rendered":"<div class=\"wpb-content-wrapper\"><div class=\"vc_row wpb_row vc_row-fluid\"><div class=\"wpb_column vc_column_container vc_col-sm-12\"><div class=\"vc_column-inner\"><div class=\"wpb_wrapper\"><div class=\"vc_empty_space\"   style=\"height: 100px\"><span class=\"vc_empty_space_inner\"><\/span><\/div><\/div><\/div><\/div><\/div><div class=\"vc_row wpb_row vc_row-fluid\"><div class=\"wpb_column vc_column_container vc_col-sm-12\"><div class=\"vc_column-inner\"><div class=\"wpb_wrapper\"><div><div class=\"marki-text-block responsive-align-center\"><h3><strong>Ordering a logbook with an invoice<\/strong><\/h3>\n<p>To activate your device(s), you must provide us with the device code when you place your order.<\/p>\n<p>The service and can be subscribed to in 3-month, 6-month or 12-month billing cycles. No refund will be given for cancellations made in the middle of a period. The minimum subscription period per invoice is 3 months, unless otherwise agreed.<\/p>\n<p>Cancellation must be made at least 10 days before the start of the new period, in writing by e-mail to support@ajokki.fi.\u00a0 If we do not receive payment for the subscription or its renewal by the date indicated on the due date (+3 days), our license system will automatically set the license to expire within a few days.<\/p>\n<p>The subscription to the service will be automatically renewed at the end of the period, unless a cancellation notice has been received before then or a specific agreement has been made at the time of subscription (the form will ask for this separately). A notification will be sent to the device the first five days before the expiry of the licence. The licence will be renewed\/added when payment is reflected in our system. This may take 1-7 business days from the date of order. Renewals\/upgrades are made on weekdays, excluding holidays.<\/p>\n<p>If your device changes during the period, we can exchange the license for the new device free of charge.<\/p>\n<p>Valid invoice prices per license:<\/p>\n<p>Check our current price list -&gt; http:\/\/www.ewooks.fi\/ajopaivakirja-hintataulukko<\/p>\n<p>NOTE! Please check our prices (see our current prices). 24% VAT will be added to the prices on the invoice.<\/p>\n<p>Billing for the service is handled by tmi Ewooks (Business ID: 2918658-2). New\/Transfer customer first time price will be increased by 25\u20ac (VAT 0%) account maintenance service fee. We process the data provided with confidence and security in accordance with the new GDPR legislation. As a subscriber you agree that your data will be stored in our system.<\/p>\n<p>NOTE! Before you subscribe! make sure by testing on your phone that the logbook works. We recommend using newer phones with Android 8.0 or higher.<\/p>\n<p>By subscribing to the service, the user agrees to the terms of use of the service, which can be found at the following link<br \/>\nTerms of use<\/p>\n<p>Before subscribing, please install the logbook software on the devices on which you wish to use the service. We will need to know for each of your devices on which the software will be deployed. You will find the device code, information or shop view at the bottom of the page. In many cases it is sufficient to send us the 4-6 digit number at the end of the text. If the number sequence is not displayed, please send us the full long device code.<\/p>\n<div id=\"dhvcform-2632\"  class=\"dhvc-form-container dhvc-form-icon-pos-right dhvc-form-vertical dhvc-form-flat\">\n<form novalidate data-currency=\"USD\" data-currency_symbol=\"&#036;\" data-price_format=\"%s%v\"   data-scroll_to_msg=\"1\" data-ajax_reset_submit=\"1\" data-popup=\"0\" autocomplete=\"off\" data-use-ajax=\"1\" method=\"post\" class=\"dhvcform dhvcform-2632 dhvcform-action-default\"  enctype =\"multipart\/form-data\" target=\"_self\" action=\"\" >\n<div class=\"dhvc-form-inner\">\n<div class=\"vc_row wpb_row vc_row-fluid\"><div class=\"wpb_column vc_column_container vc_col-sm-12\"><div class=\"vc_column-inner\"><div class=\"wpb_wrapper\"><div class=\"dhvc-form-group dhvc-form-name-box dhvc_form_text\">\n<label class=\"dhvc-form-label\" for=\"dhvc_form_control_name\">First and lastname <span class=\"required\">*<\/span><\/label>\n<div class=\"dhvc-form-input\">\n<input data-field-name=\"name\" autocomplete=\"off\" type=\"text\" id=\"dhvc_form_control_name\" name=\"name\" value=\"\"   class=\"dhvc-form-control dhvc-form-control-name dhvc-form-value dhvc-form-required-entry\"  required aria-required=\"true\"  placeholder=\"\"  \/>\n<\/div><\/div>\n<div class=\"dhvc-form-group dhvc-form-email-box dhvc_form_email\">\n<label class=\"dhvc-form-label\" for=\"dhvc_form_control_email\">Email <span class=\"required\">*<\/span><\/label>\n<div class=\"dhvc-form-input\">\n<input data-field-name=\"email\" autocomplete=\"off\" type=\"email\" id=\"dhvc_form_control_email\" name=\"email\" value=\"@\"  class=\"dhvc-form-control dhvc-form-control-email dhvc-form-value dhvc-form-required-entry dhvc-form-validate-email\"  required aria-required=\"true\"  placeholder=\"S\u00e4hk\u00f6postiosoite\" >\n<\/div><\/div>\n<div class=\"dhvc-form-group dhvc-form-yritys-box dhvc_form_text\">\n<label class=\"dhvc-form-label\" for=\"dhvc_form_control_yritys\">Company name (if Company order)<\/label>\n<div class=\"dhvc-form-input\">\n<input data-field-name=\"yritys\" autocomplete=\"off\" type=\"text\" id=\"dhvc_form_control_yritys\" name=\"yritys\" value=\"\"   class=\"dhvc-form-control dhvc-form-control-yritys dhvc-form-value\"   placeholder=\"\"  \/>\n<\/div><\/div>\n<div class=\"dhvc-form-group dhvc-form-ytunnus-box dhvc_form_text\">\n<label class=\"dhvc-form-label\" for=\"dhvc_form_control_ytunnus\">VAT-ID<\/label>\n<div class=\"dhvc-form-input\">\n<input data-field-name=\"ytunnus\" autocomplete=\"off\" type=\"text\" id=\"dhvc_form_control_ytunnus\" name=\"ytunnus\" value=\"\"   class=\"dhvc-form-control dhvc-form-control-ytunnus dhvc-form-value\"   placeholder=\"\"  \/>\n<\/div><\/div>\n<div class=\"dhvc-form-group dhvc-form-osoite-box dhvc_form_text\">\n<label class=\"dhvc-form-label\" for=\"dhvc_form_control_osoite\">Billing address (Street, house number, city and post code)<\/label>\n<div class=\"dhvc-form-input\">\n<input data-field-name=\"osoite\" autocomplete=\"off\" type=\"text\" id=\"dhvc_form_control_osoite\" name=\"osoite\" value=\"\"   class=\"dhvc-form-control dhvc-form-control-osoite dhvc-form-value\"   placeholder=\"\"  \/>\n<\/div><\/div>\n<div class=\"dhvc-form-group dhvc-form-puhelin-box dhvc_form_text\">\n<label class=\"dhvc-form-label\" for=\"dhvc_form_control_puhelin\">Phonenumber<\/label>\n<div class=\"dhvc-form-input\">\n<input data-field-name=\"puhelin\" autocomplete=\"off\" type=\"text\" id=\"dhvc_form_control_puhelin\" name=\"puhelin\" value=\"\"   class=\"dhvc-form-control dhvc-form-control-puhelin dhvc-form-value dhvc-form-validate-number dhvc-form-validate-number2\"   placeholder=\"\"  \/>\n<\/div><\/div>\n<div class=\"dhvc-form-group dhvc-form-kpl-box dhvc_form_text\">\n<label class=\"dhvc-form-label\" for=\"dhvc_form_control_kpl\">Lisense count for subscribe <span class=\"required\">*<\/span><\/label>\n<div class=\"dhvc-form-input\">\n<input data-field-name=\"kpl\" autocomplete=\"off\" type=\"number\" id=\"dhvc_form_control_kpl\" name=\"kpl\" value=\"1\"   class=\"dhvc-form-control dhvc-form-control-kpl dhvc-form-value dhvc-form-required-entry\"  required aria-required=\"true\"  placeholder=\"\"  \/>\n<\/div><\/div>\n<div class=\"dhvc-form-group dhvc-form-appversio-box dhvc_form_radio\">\n<label class=\"dhvc-form-label\">App version (Ajokki or Cabidi)<\/label>\n<div class=\"dhvc-form-radio\">\n<label class=\"\" for=\"dhvc_form_control_ajokki_69f23f4bb5fee\" ><input  type=\"radio\"  class=\"dhvc-form-value dhvc-form-control-appversio\"  id=\"dhvc_form_control_ajokki_69f23f4bb5fee\" checked=\"checked\" name=\"appversio\" value=\"Ajokki\"><i aria-hidden=\"true\"><\/i>Ajokki (ajop\u00e4iv\u00e4kirja + ty\u00f6p\u00e4iv\u00e4kirja app)<\/label>\n<label class=\"\" for=\"dhvc_form_control_cabidi_69f23f4bb6033\" ><input  type=\"radio\"  class=\"dhvc-form-value dhvc-form-control-appversio\"  id=\"dhvc_form_control_cabidi_69f23f4bb6033\"  name=\"appversio\" value=\"Cabidi\"><i aria-hidden=\"true\"><\/i>Cabidi  (ajop\u00e4iv\u00e4kirja + ty\u00f6p\u00e4iv\u00e4kirja +taksalaskuri)<\/label>\n<\/div><\/div>\n<div class=\"dhvc-form-group dhvc-form-pilvipalvelu-box dhvc_form_radio\">\n<label class=\"dhvc-form-label\">Cloud service subscribe<\/label>\n<div class=\"dhvc-form-radio\">\n<label class=\"\" for=\"dhvc_form_control_ei_69f23f4bb60f9\" ><input  type=\"radio\"  class=\"dhvc-form-value dhvc-form-control-pilvipalvelu\"  id=\"dhvc_form_control_ei_69f23f4bb60f9\" checked=\"checked\" name=\"pilvipalvelu\" value=\"EI\"><i aria-hidden=\"true\"><\/i>Ei mit\u00e4\u00e4n<\/label>\n<label class=\"\" for=\"dhvc_form_control_startti_69f23f4bb6134\" ><input  type=\"radio\"  class=\"dhvc-form-value dhvc-form-control-pilvipalvelu\"  id=\"dhvc_form_control_startti_69f23f4bb6134\"  name=\"pilvipalvelu\" value=\"STARTTI\"><i aria-hidden=\"true\"><\/i>STARTTI<\/label>\n<label class=\"\" for=\"dhvc_form_control_professional_69f23f4bb6160\" ><input  type=\"radio\"  class=\"dhvc-form-value dhvc-form-control-pilvipalvelu\"  id=\"dhvc_form_control_professional_69f23f4bb6160\"  name=\"pilvipalvelu\" value=\"PROFESSIONAL\"><i aria-hidden=\"true\"><\/i>PROFESSIONAL<\/label>\n<\/div><\/div>\n<div class=\"dhvc-form-group dhvc-form-pcs-box dhvc_form_text\">\n<label class=\"dhvc-form-label\" for=\"dhvc_form_control_pcs\">Neede user count for device (1+2 user are included in basic order automatically) <span class=\"required\">*<\/span><\/label>\n<div class=\"dhvc-form-input\">\n<input data-field-name=\"pcs\" autocomplete=\"off\" type=\"number\" id=\"dhvc_form_control_pcs\" name=\"pcs\" value=\"0\"   class=\"dhvc-form-control dhvc-form-control-pcs dhvc-form-value dhvc-form-required-entry\"  required aria-required=\"true\"  placeholder=\"\"  \/>\n<\/div><\/div>\n<div class=\"dhvc-form-group dhvc-form-kayttotarkoitus-box dhvc_form_checkbox\">\n<label class=\"dhvc-form-label\">Tell us what the software will be used for <span class=\"required\">*<\/span><\/label>\n<div class=\"dhvc-form-checkbox\">\n<label  class=\"\" for=\"dhvc_form_control_yksityinen_69f23f4bb6447\" ><input data-field-name=\"kayttotarkoitus\" data-name=\"kayttotarkoitus\"  type=\"checkbox\"  class=\"dhvc-form-value dhvc-form-control-kayttotarkoitus dhvc-form-required-entry\"  id=\"dhvc_form_control_yksityinen_69f23f4bb6447\"  name=\"kayttotarkoitus[]\" value=\"yksityinen\"><i aria-hidden=\"true\"><\/i>Private<\/label>\n<label  class=\"\" for=\"dhvc_form_control_yritys_69f23f4bb6471\" ><input data-field-name=\"kayttotarkoitus\" data-name=\"kayttotarkoitus\"  type=\"checkbox\"  class=\"dhvc-form-value dhvc-form-control-kayttotarkoitus\"  id=\"dhvc_form_control_yritys_69f23f4bb6471\"  name=\"kayttotarkoitus[]\" value=\"yritys\"><i aria-hidden=\"true\"><\/i>Company<\/label>\n<label  class=\"\" for=\"dhvc_form_control_taksiliikenne_69f23f4bb6486\" ><input data-field-name=\"kayttotarkoitus\" data-name=\"kayttotarkoitus\"  type=\"checkbox\"  class=\"dhvc-form-value dhvc-form-control-kayttotarkoitus\"  id=\"dhvc_form_control_taksiliikenne_69f23f4bb6486\"  name=\"kayttotarkoitus[]\" value=\"taksiliikenne\"><i aria-hidden=\"true\"><\/i>Taxi<\/label>\n<label  class=\"\" for=\"dhvc_form_control_ammattiautoilu_69f23f4bb649b\" ><input data-field-name=\"kayttotarkoitus\" data-name=\"kayttotarkoitus\"  type=\"checkbox\"  class=\"dhvc-form-value dhvc-form-control-kayttotarkoitus\"  id=\"dhvc_form_control_ammattiautoilu_69f23f4bb649b\"  name=\"kayttotarkoitus[]\" value=\"ammattiautoilu\"><i aria-hidden=\"true\"><\/i>Other<\/label>\n<\/div><\/div>\n<div class=\"dhvc-form-group dhvc-form-taksilupa-box dhvc_form_text\">\n<label class=\"dhvc-form-label\" for=\"dhvc_form_control_taksilupa\">Taxi permission id (if available)<\/label>\n<div class=\"dhvc-form-input\">\n<input data-field-name=\"taksilupa\" autocomplete=\"off\" type=\"text\" id=\"dhvc_form_control_taksilupa\" name=\"taksilupa\" value=\"\"   class=\"dhvc-form-control dhvc-form-control-taksilupa dhvc-form-value\"   placeholder=\"\"  \/>\n<\/div><\/div>\n<div class=\"dhvc-form-group dhvc-form-laskutusjakso-box dhvc_form_radio\">\n<label class=\"dhvc-form-label\">Billing period <span class=\"required\">*<\/span><\/label>\n<div class=\"dhvc-form-radio\">\n<label class=\"\" for=\"dhvc_form_control_3kk_69f23f4bb6643\" ><input  type=\"radio\"  class=\"dhvc-form-value dhvc-form-control-laskutusjakso dhvc-form-required-entry\"  id=\"dhvc_form_control_3kk_69f23f4bb6643\" checked=\"checked\" name=\"laskutusjakso\" value=\"3kk\"><i aria-hidden=\"true\"><\/i>3-mont (90 days)<\/label>\n<label class=\"\" for=\"dhvc_form_control_6kk_69f23f4bb666c\" ><input  type=\"radio\"  class=\"dhvc-form-value dhvc-form-control-laskutusjakso\"  id=\"dhvc_form_control_6kk_69f23f4bb666c\"  name=\"laskutusjakso\" value=\"6kk\"><i aria-hidden=\"true\"><\/i>6-mont (180 days)<\/label>\n<label class=\"\" for=\"dhvc_form_control_12kk_69f23f4bb6685\" ><input  type=\"radio\"  class=\"dhvc-form-value dhvc-form-control-laskutusjakso\"  id=\"dhvc_form_control_12kk_69f23f4bb6685\"  name=\"laskutusjakso\" value=\"12kk\"><i aria-hidden=\"true\"><\/i>12-mont (365 days)<\/label>\n<\/div><\/div>\n<div class=\"dhvc-form-group dhvc-form-laskunlahetys-box dhvc_form_select\">\n<label class=\"dhvc-form-label\" for=\"dhvc_form_control_laskunlahetys\">Invoicing method <span class=\"required\">*<\/span><\/label>\n<div class=\"dhvc-form-select\">\n<select data-field-name=\"laskunlahetys\" data-name=\"laskunlahetys\"    id=\"dhvc_form_control_laskunlahetys\" name=\"laskunlahetys\"  class=\"dhvc-form-control dhvc-form-control-laskunlahetys dhvc-form-value  dhvc-form-required-entry\"  required aria-required=\"true\" >\n<option   selected value=\"email\">Via Email<\/option><option   value=\"verkkolasku\">e-invoice<\/option><\/select><i class=\"fa fa-caret-down\" aria-hidden=\"true\"><\/i>\n<\/div><\/div>\n<div class=\"dhvc-form-group dhvc-form-verkkolaskutiedot-box dhvc_form_text\">\n<label class=\"dhvc-form-label\" for=\"dhvc_form_control_verkkolaskutiedot\">e-billing details if selected<\/label>\n<div class=\"dhvc-form-input\">\n<input data-field-name=\"verkkolaskutiedot\" autocomplete=\"off\" type=\"text\" id=\"dhvc_form_control_verkkolaskutiedot\" name=\"verkkolaskutiedot\" value=\"\"   class=\"dhvc-form-control dhvc-form-control-verkkolaskutiedot dhvc-form-value\"   placeholder=\"\"  \/>\n<\/div><\/div>\n<div class=\"dhvc-form-group dhvc-form-uusitaanoautomaattisesti-box dhvc_form_radio\">\n<label class=\"dhvc-form-label\">Is the subscription automatically renewed when the period ends? <span class=\"required\">*<\/span><\/label>\n<div class=\"dhvc-form-radio\">\n<label class=\"\" for=\"dhvc_form_control_kylla_69f23f4bb6a90\" ><input  type=\"radio\"  class=\"dhvc-form-value dhvc-form-control-uusitaanoautomaattisesti dhvc-form-required-entry\"  id=\"dhvc_form_control_kylla_69f23f4bb6a90\" checked=\"checked\" name=\"uusitaanoautomaattisesti\" value=\"kylla\"><i aria-hidden=\"true\"><\/i>Yes<\/label>\n<label class=\"\" for=\"dhvc_form_control_ei_69f23f4bb6abc\" ><input  type=\"radio\"  class=\"dhvc-form-value dhvc-form-control-uusitaanoautomaattisesti\"  id=\"dhvc_form_control_ei_69f23f4bb6abc\"  name=\"uusitaanoautomaattisesti\" value=\"ei\"><i aria-hidden=\"true\"><\/i>No<\/label>\n<\/div><\/div>\n<div class=\"dhvc-form-group dhvc-form-suoramarkkinointi-box dhvc_form_radio\">\n<label class=\"dhvc-form-label\">Can you receive offers and notifications related to the logbook by email? Your email address will not be disclosed to anyone other than us. <span class=\"required\">*<\/span><\/label>\n<div class=\"dhvc-form-radio\">\n<label class=\"\" for=\"dhvc_form_control_kylla_69f23f4bb6b94\" ><input  type=\"radio\"  class=\"dhvc-form-value dhvc-form-control-suoramarkkinointi dhvc-form-required-entry\"  id=\"dhvc_form_control_kylla_69f23f4bb6b94\" checked=\"checked\" name=\"suoramarkkinointi\" value=\"kylla\"><i aria-hidden=\"true\"><\/i>Yes<\/label>\n<label class=\"\" for=\"dhvc_form_control_ei_69f23f4bb6bbb\" ><input  type=\"radio\"  class=\"dhvc-form-value dhvc-form-control-suoramarkkinointi\"  id=\"dhvc_form_control_ei_69f23f4bb6bbb\"  name=\"suoramarkkinointi\" value=\"ei\"><i aria-hidden=\"true\"><\/i>No<\/label>\n<\/div><\/div>\n<div class=\"dhvc-form-group dhvc-form-Kaytt\u00f6ehdot-box dhvc_form_checkbox\">\n<label class=\"dhvc-form-label\">By subscribing to the service, the user agrees to the terms of use of the service, to which a link can be found at the bottom of this page. <span class=\"required\">*<\/span><\/label>\n<div class=\"dhvc-form-checkbox\">\n<label  class=\"\" for=\"dhvc_form_control_hyvaksytty_69f23f4bb6c91\" ><input data-field-name=\"Kaytt\u00f6ehdot\" data-name=\"Kaytt\u00f6ehdot\"  type=\"checkbox\"  class=\"dhvc-form-value dhvc-form-control-Kaytt\u00f6ehdot dhvc-form-required-entry\"  id=\"dhvc_form_control_hyvaksytty_69f23f4bb6c91\"  name=\"Kaytt\u00f6ehdot\" value=\"hyvaksytty\"><i aria-hidden=\"true\"><\/i>I have read and accept the terms of use and privacy policy<\/label>\n<\/div><\/div>\n<div><div class=\"marki-text-block responsive-align-center\"><p><strong>Device IDs and additional information (NOTE! device ID(s) is mandatory information, otherwise we cannot deliver the license). Install the logbook app on your Android phone before subscribing. You can find the device IDs at the bottom of the \"Shop\" and \"About\" views in the logbook.<\/strong><\/p>\n<div class=\"clearboth\"><\/div><\/div> <\/div><div class=\"dhvc-form-group dhvc-form-laitetunnukset-box dhvc_form_textarea\">\n<label class=\"dhvc-form-label\" for=\"dhvc_form_control_laitetunnukset\">Device ID list <span class=\"required\">*<\/span><\/label>\n<div class=\"dhvc-form-textarea\">\n<textarea data-field-name=\"laitetunnukset\" id=\"dhvc_form_control_laitetunnukset\" name=\"laitetunnukset\"  class=\"dhvc-form-control dhvc-form-control-laitetunnukset dhvc-form-value dhvc-form-required-entry\"  required aria-required=\"true\"  placeholder=\"\" ><\/textarea>\n<\/div><\/div>\n<div class=\"vc_row wpb_row vc_inner vc_row-fluid\"><div class=\"wpb_column vc_column_container vc_col-sm-12\"><div class=\"vc_column-inner\"><div class=\"wpb_wrapper\"><div class=\"vc_empty_space\"   style=\"height: 15px\"><span class=\"vc_empty_space_inner\"><\/span><\/div><\/div><\/div><\/div><\/div>\r\n<div class=\"dhvc-form-action dhvc_form_submit_button\">\r\n\t<button type=\"submit\" class=\"button dhvc-form-submit\">\r\n\t\t<span class=\"dhvc-form-submit-label\">Send Order<\/span>\r\n\t\t<span aria-hidden=\"true\" class=\"dhvc-form-submit-spinner\">\r\n\t\t\t<svg version=\"1.1\" xmlns=\"http:\/\/www.w3.org\/2000\/svg\" xmlns:xlink=\"http:\/\/www.w3.org\/1999\/xlink\" x=\"0px\" y=\"0px\" viewbox=\"25 25 50 50\"  xml:space=\"preserve\">\r\n\t\t\t\t<circle class=\"path\" cx=\"50\" cy=\"50\" r=\"20\" stroke-dasharray=\"89, 200\" stroke=\"currentColor\" stroke-dashoffset=\"-35\" fill=\"none\" stroke-width=\"5\" stroke-miterlimit=\"10\"\/>\r\n\t\t\t<\/svg>\r\n\t\t<\/span>\r\n\t<\/button>\r\n<\/div><\/div><\/div><\/div><\/div><div class=\"vc_row wpb_row vc_row-fluid\"><div class=\"wpb_column vc_column_container vc_col-sm-12\"><div class=\"vc_column-inner\"><div class=\"wpb_wrapper\"><\/div><\/div><\/div><\/div><div class=\"vc_row wpb_row vc_row-fluid\"><div class=\"wpb_column vc_column_container vc_col-sm-12\"><div class=\"vc_column-inner\"><div class=\"wpb_wrapper\"><\/div><\/div><\/div><\/div><div class=\"vc_row wpb_row vc_row-fluid\"><div class=\"wpb_column vc_column_container vc_col-sm-12\"><div class=\"vc_column-inner\"><div class=\"wpb_wrapper\"><\/div><\/div><\/div><\/div><\/div><div class=\"dhvc-form-message dhvc-form-message-bottom\" style=\"display:none\"><\/div>\n<div style=\"display: none;\">\n<input class=\"_dhvc_form_ignore_field\" type=\"hidden\" name=\"action\" value=\"dhvc_form_ajax\">\n<input class=\"_dhvc_form_ignore_field\" type=\"hidden\" name=\"_dhvc_form_hidden_fields\" value=\"\">\n<input class=\"_dhvc_form_ignore_field\" type=\"hidden\" name=\"_dhvc_form_id\" value=\"2632\">\n<input class=\"_dhvc_form_ignore_field\" type=\"hidden\" name=\"_dhvc_form_url\" value=\"https:\/\/www.ewooks.fi\/en\/wp-json\/wp\/v2\/pages\/2633\">\n<input class=\"_dhvc_form_ignore_field\" type=\"hidden\" name=\"_dhvc_form_referer\" value=\"\">\n<input class=\"_dhvc_form_ignore_field\" type=\"hidden\" name=\"_dhvc_form_post_id\" value=\"2633\">\n<input class=\"_dhvc_form_ignore_field\" type=\"hidden\" name=\"_dhvc_form_nonce\" value=\"ee88d20912\">\n<\/div>\n<input type=\"hidden\" name=\"trp-form-language\" value=\"en\"\/><\/form>\n<\/div>\n\n<p><a href=\"http:\/\/www.ewooks.fi\/en\/kayttoehdot\/\">Terms of use<\/a><br \/>\n<a href=\"http:\/\/www.ewooks.fi\/en\/download\/1558\/\">Description of services<\/a><\/p>\n<div class=\"clearboth\"><\/div><\/div> <\/div><\/div><\/div><\/div><\/div>\n<\/div>","protected":false},"excerpt":{"rendered":"Ordering a logbook with an invoice To activate your device(s), you must provide us with the device code when you place your order. The service and can be subscribed to in 3-month, 6-month or 12-month billing cycles. No refund will be given for cancellations made in the middle of a period. The minimum subscription period [...]","protected":false},"author":1,"featured_media":0,"parent":0,"menu_order":0,"comment_status":"closed","ping_status":"closed","template":"","meta":{"footnotes":""},"class_list":["post-2633","page","type-page","status-publish","hentry"],"_links":{"self":[{"href":"https:\/\/www.ewooks.fi\/en\/wp-json\/wp\/v2\/pages\/2633","targetHints":{"allow":["GET"]}}],"collection":[{"href":"https:\/\/www.ewooks.fi\/en\/wp-json\/wp\/v2\/pages"}],"about":[{"href":"https:\/\/www.ewooks.fi\/en\/wp-json\/wp\/v2\/types\/page"}],"author":[{"embeddable":true,"href":"https:\/\/www.ewooks.fi\/en\/wp-json\/wp\/v2\/users\/1"}],"replies":[{"embeddable":true,"href":"https:\/\/www.ewooks.fi\/en\/wp-json\/wp\/v2\/comments?post=2633"}],"version-history":[{"count":0,"href":"https:\/\/www.ewooks.fi\/en\/wp-json\/wp\/v2\/pages\/2633\/revisions"}],"wp:attachment":[{"href":"https:\/\/www.ewooks.fi\/en\/wp-json\/wp\/v2\/media?parent=2633"}],"curies":[{"name":"wp","href":"https:\/\/api.w.org\/{rel}","templated":true}]}}