{"id":215,"date":"2017-07-04T12:37:06","date_gmt":"2017-07-04T12:37:06","guid":{"rendered":"http:\/\/www.ewooks.fi\/?page_id=215"},"modified":"2025-04-23T19:37:25","modified_gmt":"2025-04-23T19:37:25","slug":"our-news","status":"publish","type":"page","link":"https:\/\/www.ewooks.fi\/en\/our-news\/","title":{"rendered":"NEWS"},"content":{"rendered":"<div class=\"wpb-content-wrapper\"><section data-vc-full-width=\"true\" data-vc-full-width-temp=\"true\" data-vc-full-width-init=\"false\" class=\"vc_section vc_custom_1499143183419 vc_section-has-fill\"><div class=\"vc_row wpb_row vc_row-fluid\"><div class=\"wpb_column vc_column_container vc_col-sm-12\"><div class=\"vc_column-inner\"><div class=\"wpb_wrapper\"><div><div class=\"loop-main-wrapper\"><section id=\"marki-blog-loop-69f223b157aa9\" data-style=\"tile\" data-uniqid=\"1499081911-595a2cb703862\" class=\"marki-blog-container clearfix marki-tile-wrapper mag-one-column load-button-style\">\n<article id=\"entry-3826\" class=\"blog-tile-entry tile-1499081911-595a2cb703862 marki-isotop-item three-column image-post-type\"><div class=\"item-holder\"><div class=\"item-inner-holder\"><div class=\"blog-meta\"><span class=\"date\"><a href=\"https:\/\/www.ewooks.fi\/en\/2026\/04\/\">28 April 2026<\/a><\/span><div class=\"clearboth\"><\/div><\/div><div class=\"blog-entry-heading\"><h5 class=\"blog-title\"><a href=\"https:\/\/www.ewooks.fi\/en\/ajopaivakirja-yritykselle-2026-valintakriteerit\/\">Ajop\u00e4iv\u00e4kirja yritykselle 2026: valintakriteerit ja vertailu<\/a><\/h5><\/div><div class=\"blog-excerpt\">Miten valita yritykselle oikea ajop\u00e4iv\u00e4kirja? T\u00e4ss\u00e4 vertailu: automaatio, raportointi, ...<\/div><\/div><\/div><\/article><article id=\"entry-3844\" class=\"blog-tile-entry tile-1499081911-595a2cb703862 marki-isotop-item three-column image-post-type\"><div class=\"item-holder\"><div class=\"item-inner-holder\"><div class=\"blog-meta\"><span class=\"date\"><a href=\"https:\/\/www.ewooks.fi\/en\/2026\/04\/\">23 April 2026<\/a><\/span><div class=\"clearboth\"><\/div><\/div><div class=\"blog-entry-heading\"><h5 class=\"blog-title\"><a href=\"https:\/\/www.ewooks.fi\/en\/ajopaivakirja-sovellus-valinta-opas-2026\/\">Ajop\u00e4iv\u00e4kirja sovellus \u2013 t\u00e4ydellinen opas valintaan (2026)<\/a><\/h5><\/div><div class=\"blog-excerpt\">Laaja opas ajop\u00e4iv\u00e4kirja sovelluksen valintaan: automaatio, raportit, tietosuoja, tiimik\u00e4ytt\u00f6 ...<\/div><\/div><\/div><\/article><article id=\"entry-3821\" class=\"blog-tile-entry tile-1499081911-595a2cb703862 marki-isotop-item three-column image-post-type\"><div class=\"item-holder\"><div class=\"item-inner-holder\"><div class=\"blog-meta\"><span class=\"date\"><a href=\"https:\/\/www.ewooks.fi\/en\/2026\/04\/\">21 April 2026<\/a><\/span><div class=\"clearboth\"><\/div><\/div><div class=\"blog-entry-heading\"><h5 class=\"blog-title\"><a href=\"https:\/\/www.ewooks.fi\/en\/taksiyrittajan-ajoseuranta-cabidi-vinkit\/\">Taksiyritt\u00e4j\u00e4n ajoseuranta: 5 k\u00e4yt\u00e4nn\u00f6n vinkki\u00e4 (Cabidi)<\/a><\/h5><\/div><div class=\"blog-excerpt\">Taksiyritt\u00e4j\u00e4lle ajoseurannan selkeys on kilpailuetu. T\u00e4ss\u00e4 5 k\u00e4yt\u00e4nn\u00f6n vinkki\u00e4 Cabidin ...<\/div><\/div><\/div><\/article><article id=\"entry-3843\" class=\"blog-tile-entry tile-1499081911-595a2cb703862 marki-isotop-item three-column image-post-type\"><div class=\"item-holder\"><div class=\"item-inner-holder\"><div class=\"blog-meta\"><span class=\"date\"><a href=\"https:\/\/www.ewooks.fi\/en\/2026\/04\/\">16 April 2026<\/a><\/span><div class=\"clearboth\"><\/div><\/div><div class=\"blog-entry-heading\"><h5 class=\"blog-title\"><a href=\"https:\/\/www.ewooks.fi\/en\/ajopaivakirja-ajopaivakirja-sovellus-seo\/\">Miten nousta hauilla \u201cajop\u00e4iv\u00e4kirja\u201d ja \u201cajop\u00e4iv\u00e4kirja sovellus\u201d (k\u00e4yt\u00e4nn\u00f6n SEO)<\/a><\/h5><\/div><div class=\"blog-excerpt\">K\u00e4yt\u00e4nn\u00f6n SEO-opas: miten nousta hauilla \u201cajop\u00e4iv\u00e4kirja\u201d ja \u201cajop\u00e4iv\u00e4kirja sovellus\u201d. Rakenne, ...<\/div><\/div><\/div><\/article><article id=\"entry-3820\" class=\"blog-tile-entry tile-1499081911-595a2cb703862 marki-isotop-item three-column image-post-type\"><div class=\"item-holder\"><div class=\"item-inner-holder\"><div class=\"blog-meta\"><span class=\"date\"><a href=\"https:\/\/www.ewooks.fi\/en\/2026\/04\/\">14 April 2026<\/a><\/span><div class=\"clearboth\"><\/div><\/div><div class=\"blog-entry-heading\"><h5 class=\"blog-title\"><a href=\"https:\/\/www.ewooks.fi\/en\/ajopaivakirja-verottaja-2026-tarkistuslista\/\">Ajop\u00e4iv\u00e4kirja ja verottaja 2026: tarkistuslista yritt\u00e4j\u00e4lle<\/a><\/h5><\/div><div class=\"blog-excerpt\">T\u00e4m\u00e4 k\u00e4yt\u00e4nn\u00f6n lista varmistaa, ett\u00e4 ajop\u00e4iv\u00e4kirja t\u00e4ytt\u00e4\u00e4 verottajan vaatimukset ja ...<\/div><\/div><\/div><\/article><article id=\"entry-3819\" class=\"blog-tile-entry tile-1499081911-595a2cb703862 marki-isotop-item three-column image-post-type\"><div class=\"item-holder\"><div class=\"item-inner-holder\"><div class=\"blog-meta\"><span class=\"date\"><a href=\"https:\/\/www.ewooks.fi\/en\/2026\/04\/\">7 April 2026<\/a><\/span><div class=\"clearboth\"><\/div><\/div><div class=\"blog-entry-heading\"><h5 class=\"blog-title\"><a href=\"https:\/\/www.ewooks.fi\/en\/yrityksen-autojen-kuluseuranta-kuukausiraportti\/\">Yrityksen autojen kuluseuranta: t\u00e4rkeimm\u00e4t mittarit kuukausiraporttiin<\/a><\/h5><\/div><div class=\"blog-excerpt\">Mitk\u00e4 kuluseurannan mittarit kannattaa katsoa kuukausittain? T\u00e4ll\u00e4 mallilla pid\u00e4t ajodatan, ...<\/div><\/div><\/div><\/article><article id=\"entry-3818\" class=\"blog-tile-entry tile-1499081911-595a2cb703862 marki-isotop-item three-column image-post-type\"><div class=\"item-holder\"><div class=\"item-inner-holder\"><div class=\"blog-meta\"><span class=\"date\"><a href=\"https:\/\/www.ewooks.fi\/en\/2026\/03\/\">31 March 2026<\/a><\/span><div class=\"clearboth\"><\/div><\/div><div class=\"blog-entry-heading\"><h5 class=\"blog-title\"><a href=\"https:\/\/www.ewooks.fi\/en\/ajopaivakirja-ja-tyoajanseuranta-samassa\/\">Ajop\u00e4iv\u00e4kirja ja ty\u00f6ajanseuranta samassa \u2013 n\u00e4in s\u00e4\u00e4st\u00e4t aikaa joka viikko<\/a><\/h5><\/div><div class=\"blog-excerpt\">Ajop\u00e4iv\u00e4kirja ja ty\u00f6ajanseuranta yhdess\u00e4 palvelussa v\u00e4hent\u00e4\u00e4 manuaality\u00f6t\u00e4, parantaa ...<\/div><\/div><\/div><\/article><article id=\"entry-3799\" class=\"blog-tile-entry tile-1499081911-595a2cb703862 marki-isotop-item three-column image-post-type\"><div class=\"item-holder\"><div class=\"featured-image\"><div class=\"grid-image-inner\"><img loading=\"lazy\" decoding=\"async\" alt=\"Ajop\u00e4iv\u00e4kirjan raportit kirjanpit\u00e4j\u00e4lle: mit\u00e4 kannattaa l\u00e4hett\u00e4\u00e4 ja milloin?\" class=\"item-featured-image\" width=\"370\" height=\"250\" title=\"Ajop\u00e4iv\u00e4kirjan raportit kirjanpit\u00e4j\u00e4lle: mit\u00e4 kannattaa l\u00e4hett\u00e4\u00e4 ja milloin?\" src=\"https:\/\/www.ewooks.fi\/wp-content\/uploads\/bfi_thumb\/drivenoter_historia-rf1rqu0rsck3gl5o1u7e0f1esi6h1106yf5sw57878.webp\" itemprop=\"image\" \/><\/div><\/div><div class=\"item-inner-holder\"><div class=\"blog-meta\"><span class=\"date\"><a href=\"https:\/\/www.ewooks.fi\/en\/2026\/03\/\">24 March 2026<\/a><\/span><div class=\"clearboth\"><\/div><\/div><div class=\"blog-entry-heading\"><h5 class=\"blog-title\"><a href=\"https:\/\/www.ewooks.fi\/en\/ajopaivakirjan-raportit-kirjanpitajalle\/\">Ajop\u00e4iv\u00e4kirjan raportit kirjanpit\u00e4j\u00e4lle: mit\u00e4 kannattaa l\u00e4hett\u00e4\u00e4 ja milloin?<\/a><\/h5><\/div><div class=\"blog-excerpt\">Selke\u00e4 raportointirytmi v\u00e4hent\u00e4\u00e4 edestakaista kysely\u00e4 ja nopeuttaa kirjanpitoa. T\u00e4ss\u00e4 k\u00e4yt\u00e4nn\u00f6n ...<\/div><\/div><\/div><\/article><article id=\"entry-3798\" class=\"blog-tile-entry tile-1499081911-595a2cb703862 marki-isotop-item three-column image-post-type\"><div class=\"item-holder\"><div class=\"featured-image\"><div class=\"grid-image-inner\"><img loading=\"lazy\" decoding=\"async\" alt=\"Ty\u00f6ajo vai yksityisajo? N\u00e4in v\u00e4lt\u00e4t yleisimm\u00e4t tulkintavirheet\" class=\"item-featured-image\" width=\"370\" height=\"250\" title=\"Ty\u00f6ajo vai yksityisajo? N\u00e4in v\u00e4lt\u00e4t yleisimm\u00e4t tulkintavirheet\" src=\"https:\/\/www.ewooks.fi\/wp-content\/uploads\/bfi_thumb\/ajopaivakirja-drivenoter-ravfkmkymtqpb6iubya5p5s1zaweyitwiu22clr2h0.webp\" itemprop=\"image\" \/><\/div><\/div><div class=\"item-inner-holder\"><div class=\"blog-meta\"><span class=\"date\"><a href=\"https:\/\/www.ewooks.fi\/en\/2026\/03\/\">17 March 2026<\/a><\/span><div class=\"clearboth\"><\/div><\/div><div class=\"blog-entry-heading\"><h5 class=\"blog-title\"><a href=\"https:\/\/www.ewooks.fi\/en\/tyoajo-vai-yksityisajo-valta-tulkintavirheet\/\">Ty\u00f6ajo vai yksityisajo? N\u00e4in v\u00e4lt\u00e4t yleisimm\u00e4t tulkintavirheet<\/a><\/h5><\/div><div class=\"blog-excerpt\">Ep\u00e4selv\u00e4 luokittelu aiheuttaa eniten ongelmia ajop\u00e4iv\u00e4kirjoissa. N\u00e4in teet rajaukset selke\u00e4sti ...<\/div><\/div><\/div><\/article><\/section><div class=\"clearboth\"><\/div><\/div><\/div><div id=\"ajax-69f223b157aa9\" class=\"marki-dynamic-styles\"><!-- --><\/div><\/div><\/div><\/div><\/div><\/section><div class=\"vc_row-full-width vc_clearfix\"><\/div>\n<\/div>","protected":false},"excerpt":{"rendered":"Useimmat ajop\u00e4iv\u00e4kirjan ongelmat syntyv\u00e4t ep\u00e4selv\u00e4st\u00e4 luokittelusta. Kun pelis\u00e4\u00e4nn\u00f6t ovat selv\u00e4t, raportointi pysyy siistin\u00e4. 3 k\u00e4yt\u00e4nn\u00f6n s\u00e4\u00e4nt\u00f6\u00e4 M\u00e4\u00e4rit\u00e4 yrityksen yhteinen k\u00e4yt\u00e4nt\u00f6 etuk\u00e4teen.Kirjaa matkan tarkoitus riitt\u00e4v\u00e4n tarkasti.Korjaa ep\u00e4selv\u00e4t ajot heti, ei kuukauden p\u00e4\u00e4st\u00e4. Johdonmukaisuus on t\u00e4rke\u00e4mp\u00e4\u00e4 kuin t\u00e4ydellisyys jokaisessa riviss\u00e4. Haluatko helpottaa ajop\u00e4iv\u00e4kirjan pitoa heti? Tutustu ajop\u00e4iv\u00e4kirjaratkaisuunLataa DriveNoter Google PlaystaKatso hinnasto","protected":false},"author":1,"featured_media":0,"parent":0,"menu_order":0,"comment_status":"closed","ping_status":"closed","template":"","meta":{"footnotes":""},"class_list":["post-215","page","type-page","status-publish","hentry"],"_links":{"self":[{"href":"https:\/\/www.ewooks.fi\/en\/wp-json\/wp\/v2\/pages\/215","targetHints":{"allow":["GET"]}}],"collection":[{"href":"https:\/\/www.ewooks.fi\/en\/wp-json\/wp\/v2\/pages"}],"about":[{"href":"https:\/\/www.ewooks.fi\/en\/wp-json\/wp\/v2\/types\/page"}],"author":[{"embeddable":true,"href":"https:\/\/www.ewooks.fi\/en\/wp-json\/wp\/v2\/users\/1"}],"replies":[{"embeddable":true,"href":"https:\/\/www.ewooks.fi\/en\/wp-json\/wp\/v2\/comments?post=215"}],"version-history":[{"count":1,"href":"https:\/\/www.ewooks.fi\/en\/wp-json\/wp\/v2\/pages\/215\/revisions"}],"predecessor-version":[{"id":3420,"href":"https:\/\/www.ewooks.fi\/en\/wp-json\/wp\/v2\/pages\/215\/revisions\/3420"}],"wp:attachment":[{"href":"https:\/\/www.ewooks.fi\/en\/wp-json\/wp\/v2\/media?parent=215"}],"curies":[{"name":"wp","href":"https:\/\/api.w.org\/{rel}","templated":true}]}}