{"id":1913,"date":"2020-12-05T13:10:19","date_gmt":"2020-12-05T13:10:19","guid":{"rendered":"http:\/\/www.ewooks.fi\/?page_id=1913"},"modified":"2026-01-30T21:59:55","modified_gmt":"2026-01-30T21:59:55","slug":"ajopaivakirja-hintataulukko","status":"publish","type":"page","link":"https:\/\/www.ewooks.fi\/en\/ajopaivakirja-hintataulukko\/","title":{"rendered":"Logbook price table"},"content":{"rendered":"<div class=\"wpb-content-wrapper\"><div class=\"vc_row wpb_row vc_row-fluid\"><div class=\"wpb_column vc_column_container vc_col-sm-12\"><div class=\"vc_column-inner\"><div class=\"wpb_wrapper\"><div class=\"vc_empty_space\"   style=\"height: 64px\"><span class=\"vc_empty_space_inner\"><\/span><\/div>\n\t<div  class=\"wpb_single_image wpb_content_element vc_align_center wpb_content_element\">\n\t\t\n\t\t<figure class=\"wpb_wrapper vc_figure\">\n\t\t\t<div class=\"vc_single_image-wrapper   vc_box_border_grey\"><img loading=\"lazy\" decoding=\"async\" width=\"150\" height=\"150\" src=\"https:\/\/www.ewooks.fi\/wp-content\/uploads\/2023\/04\/1-1-150x150.png\" class=\"vc_single_image-img attachment-thumbnail\" alt=\"\" title=\"1\" srcset=\"https:\/\/www.ewooks.fi\/wp-content\/uploads\/2023\/04\/1-1-150x150.png 150w, https:\/\/www.ewooks.fi\/wp-content\/uploads\/2023\/04\/1-1-300x300.png 300w, https:\/\/www.ewooks.fi\/wp-content\/uploads\/2023\/04\/1-1-768x768.png 768w, https:\/\/www.ewooks.fi\/wp-content\/uploads\/2023\/04\/1-1-12x12.png 12w, https:\/\/www.ewooks.fi\/wp-content\/uploads\/2023\/04\/1-1-600x600.png 600w, https:\/\/www.ewooks.fi\/wp-content\/uploads\/2023\/04\/1-1-100x100.png 100w, https:\/\/www.ewooks.fi\/wp-content\/uploads\/2023\/04\/1-1.png 1024w\" sizes=\"auto, (max-width: 150px) 100vw, 150px\" \/><\/div>\n\t\t<\/figure>\n\t<\/div>\n<div class=\"vc_empty_space\"   style=\"height: 32px\"><span class=\"vc_empty_space_inner\"><\/span><\/div><div style=\"block;\"><h3 style=\"display:font-size: 14px;text-align:left;line-height:22px;letter-spacing:0px;color: ;font-weight:normal;margin-bottom:20px; margin-top:px; text-transform:\" id=\"fancy-title-69f223d1e8839\" class=\"marki-fancy-title responsive-align-center simple-title left-align  \"><span class=\"fancy-title-span pointed\" >DriveNoter Ajop\u00e4iv\u00e4kirja hinnasto<br\/>\n<\/span><\/h3><\/div><div id=\"ajax-69f223d1e8839\" class=\"marki-dynamic-styles\"><!--  #fancy-title-69f223d1e8839 a{ color: ; }--><\/div><div class=\"vc_empty_space\"   style=\"height: 32px\"><span class=\"vc_empty_space_inner\"><\/span><\/div><\/div><\/div><\/div><\/div><div class=\"vc_row wpb_row vc_row-fluid\"><div class=\"wpb_column vc_column_container vc_col-sm-6\"><div class=\"vc_column-inner\"><div class=\"wpb_wrapper\"><div class=\"ult_pricing_table_wrap ult_design_3  ult-cs-blue textbox \">\n\t\t\t\t\t<div class=\"ult_pricing_table \" style=\"\"><div id=\"price-table-wrap-8379\" class=\"ult_pricing_heading\">\n\t\t\t\t\t\t\t<h1 class=\"price-heading ult-responsive cust-headformat\"  data-ultimate-target='#price-table-wrap-8379 .cust-headformat'  data-responsive-json-new='{\"font-size\":\"\",\"line-height\":\"\"}'  style=\"font-weight:normal;color:#ffffff;\">STARTER<\/h1><h2  data-ultimate-target='#price-table-wrap-8379 .cust-subhead'  data-responsive-json-new='{\"font-size\":\"desktop:18px;\",\"line-height\":\"\"}'  class=\"price-subheading ult-responsive cust-subhead\" style=\"font-weight:normal;color:#FFFFFF;\">Kuukausi<\/h2><\/div><!--ult_pricing_heading--><div class=\"ult_price_body_block\" style=\"\">\n\t\t\t\t\t\t\t<div class=\"ult_price_body\">\n\t\t\t\t\t\t\t\t<div id=\"price-table-wrap-8316\"  class=\"ult_price\">\n\t\t\t\t\t\t\t\t\t<span  data-ultimate-target='#price-table-wrap-8316 .ult_price_figure'  data-responsive-json-new='{\"font-size\":\"\",\"line-height\":\"\"}'  class=\"ult_price_figure ult-responsive\" style=\"font-weight:normal;\">alk. 9,90 \u20ac<\/span>\n\t\t\t\t\t\t\t\t\t<span  data-ultimate-target='#price-table-wrap-8316 .ult_price_term'  data-responsive-json-new='{\"font-size\":\"\",\"line-height\":\"\"}'  class=\"ult_price_term ult-responsive\" style=\"font-weight:normal;\">1 kk (kuukausi)<\/span>\n\t\t\t\t\t\t\t\t<\/div>\n\t\t\t\t\t\t\t<\/div>\n\t\t\t\t\t\t<\/div><!--ult_price_body_block--><div id=\"price-table-features-wrap-2776\" class=\"ult_price_features ult-responsive\"  data-ultimate-target='#price-table-features-wrap-2776'  data-responsive-json-new='{\"font-size\":\"\",\"line-height\":\"\"}'  style=\"font-weight:normal;\">\n\t\t\t\t\t\t\t<ul>\n<li>\u2705 K\u00e4ytt\u00f6: Yksityiset, yritykset ja yhteis\u00f6t<\/li>\n<li>\u2705 K\u00e4ytt\u00f6oikeus 30 pv<\/li>\n<li>\u2705 Rajoittamattomat ajot<\/li>\n<li>\u2705 Ajop\u00e4iv\u00e4kirja laitteessa<\/li>\n<li>\u2705 Ty\u00f6p\u00e4iv\u00e4kirja laitteessa<\/li>\n<li>\u2705 Raportit suoraan laitteelta<\/li>\n<li>\u2705 Varmuuskopio tietokannasta Google Driveen<\/li>\n<li>\u2705 K\u00e4ytt\u00f6oikeus yhteen laitteeseen (extra lisenssit myd\u00e4\u00e4n erikseen, kysy!)<\/li>\n<\/ul>\n<p style=\"text-align: left;\">Ewooks pilvitallennus ostettavissa erikseen kysy!<\/p>\n\n\t\t\t\t\t\t<\/div><!--ult_price_features--><div class=\"ult_clr\"><\/div>\n\t\t\t<\/div><!--pricing_table-->\n\t\t<\/div><!--pricing_table_wrap--><div class=\"vc_row wpb_row vc_inner vc_row-fluid\"><div class=\"wpb_column vc_column_container vc_col-sm-6\"><div class=\"vc_column-inner\"><div class=\"wpb_wrapper\"><div class=\"vc_btn3-container vc_btn3-center vc_do_btn\" ><a class=\"vc_general vc_btn3 vc_btn3-size-md vc_btn3-shape-rounded vc_btn3-style-modern vc_btn3-color-primary\" href=\"https:\/\/www.ewooks.fi\/ajopaivakirjan-tilaus\/\" title=\"\">TILAA LASKUTUKSELLA!<\/a><\/div><div class=\"vc_empty_space\"   style=\"height: 32px\"><span class=\"vc_empty_space_inner\"><\/span><\/div><\/div><\/div><\/div><div class=\"wpb_column vc_column_container vc_col-sm-6\"><div class=\"vc_column-inner\"><div class=\"wpb_wrapper\"><div class=\"vc_btn3-container vc_btn3-inline vc_do_btn\" ><a class=\"vc_general vc_btn3 vc_btn3-size-md vc_btn3-shape-rounded vc_btn3-style-modern vc_btn3-color-primary\" href=\"https:\/\/buy.stripe.com\/6oEdUsasq11n7RefZ9\" title=\"\">TILAUS<\/a><\/div><\/div><\/div><\/div><\/div><\/div><\/div><\/div><div class=\"wpb_column vc_column_container vc_col-sm-6\"><div class=\"vc_column-inner\"><div class=\"wpb_wrapper\"><div class=\"ult_pricing_table_wrap ult_design_3  ult-cs-black  \">\n\t\t\t\t\t<div class=\"ult_pricing_table \" style=\"\"><div id=\"price-table-wrap-1576\" class=\"ult_pricing_heading\">\n\t\t\t\t\t\t\t<h1 class=\"price-heading ult-responsive cust-headformat\"  data-ultimate-target='#price-table-wrap-1576 .cust-headformat'  data-responsive-json-new='{\"font-size\":\"\",\"line-height\":\"\"}'  style=\"font-weight:normal;color:#ffffff;\">BUSINESS<\/h1><h1  data-ultimate-target='#price-table-wrap-1576 .cust-subhead'  data-responsive-json-new='{\"font-size\":\"desktop:18px;\",\"line-height\":\"\"}'  class=\"price-subheading ult-responsive cust-subhead\" style=\"font-weight:normal;color:#FFFFFF;\">Vuosi<\/h1><\/div><!--ult_pricing_heading--><div class=\"ult_price_body_block\" style=\"\">\n\t\t\t\t\t\t\t<div class=\"ult_price_body\">\n\t\t\t\t\t\t\t\t<div id=\"price-table-wrap-3356\"  class=\"ult_price\">\n\t\t\t\t\t\t\t\t\t<span  data-ultimate-target='#price-table-wrap-3356 .ult_price_figure'  data-responsive-json-new='{\"font-size\":\"\",\"line-height\":\"\"}'  class=\"ult_price_figure ult-responsive\" style=\"font-weight:normal;\">alk. 179\u20ac<\/span>\n\t\t\t\t\t\t\t\t\t<span  data-ultimate-target='#price-table-wrap-3356 .ult_price_term'  data-responsive-json-new='{\"font-size\":\"\",\"line-height\":\"\"}'  class=\"ult_price_term ult-responsive\" style=\"font-weight:normal;\">12kk (vuosi)<\/span>\n\t\t\t\t\t\t\t\t<\/div>\n\t\t\t\t\t\t\t<\/div>\n\t\t\t\t\t\t<\/div><!--ult_price_body_block--><div id=\"price-table-features-wrap-5395\" class=\"ult_price_features ult-responsive\"  data-ultimate-target='#price-table-features-wrap-5395'  data-responsive-json-new='{\"font-size\":\"\",\"line-height\":\"\"}'  style=\"font-weight:normal;\">\n\t\t\t\t\t\t\t<ul>\n<li>\n<h3 data-start=\"69\" data-end=\"113\"><span style=\"color: #ffffff;\">Business paketti \u2013 Ewooks Cloud mukana<\/span><\/h3>\n<ul>\n<li data-start=\"115\" data-end=\"199\">\u2705 Yrityksille ja yhteis\u00f6ille<\/li>\n<li data-start=\"115\" data-end=\"199\">\u2705 K\u00e4ytt\u00f6oikeus 365 p\u00e4iv\u00e4\u00e4<\/li>\n<li data-start=\"115\" data-end=\"199\">\u2705 Rajoittamattomat ajot<\/li>\n<li data-start=\"115\" data-end=\"199\">\u2705 Ajojen tallennus pilveen (Ewooks Cloud)<\/li>\n<li data-start=\"115\" data-end=\"199\">\u2705 Ty\u00f6ajan seuranta pilveen<\/li>\n<li data-start=\"115\" data-end=\"199\">\u2705 Matkaraportit<\/li>\n<li data-start=\"115\" data-end=\"199\">\u2705 Kuljettajien hallinta<\/li>\n<li data-start=\"115\" data-end=\"199\">\u2705 Ajop\u00e4iv\u00e4kirja laitteessa<\/li>\n<li data-start=\"115\" data-end=\"199\">\u2705 Ty\u00f6p\u00e4iv\u00e4kirja laitteessa<\/li>\n<li data-start=\"115\" data-end=\"199\">\u2705 Raportit suoraan laitteelta<\/li>\n<li data-start=\"115\" data-end=\"199\">\u2705 Luo matkalaskut nopeasti portaalista<\/li>\n<li data-start=\"115\" data-end=\"199\">\u2705 Kuljettajien oma kirjautuminen ja matkalaskut<\/li>\n<li data-start=\"115\" data-end=\"199\">\u2705 Seuraa yrityksen ajoja keskitetysti<\/li>\n<li data-start=\"115\" data-end=\"199\">\u2705 K\u00e4ytt\u00f6oikeus yhteen laitteeseen + 2 kuljettajaa<\/li>\n<li data-start=\"115\" data-end=\"199\">\u2705 Lis\u00e4kuljettajat ja laitelisenssit myyd\u00e4\u00e4n erikseen \u2013 kysy lis\u00e4\u00e4<\/li>\n<li data-start=\"115\" data-end=\"199\">\u2705 Automaattinen tietokantavarmuuskopiointi Google Driveen<\/li>\n<\/ul>\n<p data-start=\"663\" data-end=\"722\">Erikseen sovittavat lis\u00e4palvelut (kysy hinta):<\/p>\n<ul>\n<li data-start=\"724\" data-end=\"898\">\u2705 Mahdollisuus seurata autoja kartalla<\/li>\n<li data-start=\"724\" data-end=\"898\">\u2705 Mahdollisuus l\u00e4hett\u00e4\u00e4 viestej\u00e4 kuljettajille<\/li>\n<li data-start=\"724\" data-end=\"898\">\u2705 Kartta- ja viestitoiminnot lis\u00e4palveluna<\/li>\n<\/ul>\n<\/li>\n<\/ul>\n\n\t\t\t\t\t\t<\/div><!--ult_price_features--><div class=\"ult_clr\"><\/div>\n\t\t\t<\/div><!--pricing_table-->\n\t\t<\/div><!--pricing_table_wrap--><div class=\"vc_row wpb_row vc_inner vc_row-fluid\"><div class=\"wpb_column vc_column_container vc_col-sm-6\"><div class=\"vc_column-inner\"><div class=\"wpb_wrapper\"><div class=\"vc_btn3-container vc_btn3-center vc_do_btn\" ><a class=\"vc_general vc_btn3 vc_btn3-size-md vc_btn3-shape-rounded vc_btn3-style-modern vc_btn3-color-green\" href=\"https:\/\/www.ewooks.fi\/ajopaivakirjan-tilaus\/\" title=\"\">TILAA LASKUTUKSELLA!<\/a><\/div><\/div><\/div><\/div><div class=\"wpb_column vc_column_container vc_col-sm-6\"><div class=\"vc_column-inner\"><div class=\"wpb_wrapper\"><div class=\"vc_btn3-container vc_btn3-inline vc_do_btn\" ><a class=\"vc_general vc_btn3 vc_btn3-size-md vc_btn3-shape-rounded vc_btn3-style-modern vc_btn3-color-green\" href=\"https:\/\/buy.stripe.com\/4gw9EceIG6lH1sQ14g\" title=\"\">TILAUS<\/a><\/div><\/div><\/div><\/div><\/div><div><div class=\"marki-text-block responsive-align-center  \"><div class=\"clearboth\"><\/div><\/div> <\/div><\/div><\/div><\/div><\/div><div class=\"vc_row wpb_row vc_row-fluid\"><div class=\"wpb_column vc_column_container vc_col-sm-12\"><div class=\"vc_column-inner\"><div class=\"wpb_wrapper\"><div class=\"vc_message_box vc_message_box-standard vc_message_box-rounded vc_color-info vc_do_message\" ><div class=\"vc_message_box-icon\"><i class=\"fa fa-solid fa-circle-info\"><\/i><\/div><p>Hinnat sis. alv 25,5%<br \/>\nYksi peruslisenssi kattaa yhden yll\u00e4pit\u00e4j\u00e4n ja kaksi kuljettajak\u00e4ytt\u00e4j\u00e4\u00e4. Tarvitsetko lis\u00e4\u00e4 k\u00e4ytt\u00e4ji\u00e4? Ota meihin rohkeasti yhteytt\u00e4 tarjouksen saamiseksi! info[at]ewooks.fi.<\/p>\n<\/div><div class=\"vc_message_box vc_message_box-standard vc_message_box-rounded vc_color-blue vc_do_message\" ><div class=\"vc_message_box-icon\"><i class=\"fa fa-solid fa-circle-info\"><\/i><\/div><p>Vaadittavan laitetunnuksen ja numeron l\u00f6yd\u00e4t helposti DriveNoter\/Cabidi-ajop\u00e4iv\u00e4kirjan\u00a0<em>Kauppa<\/em>-n\u00e4kym\u00e4n alareunasta. Valitse vasemmasta reunasta valikko\u00a0<em>Kauppa<\/em>, rullaa sivua alas ja etsi laitekoodi. Monesti riitt\u00e4\u00e4, ett\u00e4 ilmoitat meille n\u00e4kyv\u00e4t numerot, jotta voimme l\u00f6yt\u00e4\u00e4 j\u00e4rjestelm\u00e4st\u00e4mme vastaavan laitteen ja aktivoida lisenssin k\u00e4ytt\u00f6\u00f6si.<\/p>\n<\/div><\/div><\/div><\/div><\/div><div class=\"vc_row wpb_row vc_row-fluid\"><div class=\"wpb_column vc_column_container vc_col-sm-6\"><div class=\"vc_column-inner\"><div class=\"wpb_wrapper\"><div style=\"block;\"><h2 style=\"display:font-size: 14px;text-align:left;line-height:22px;letter-spacing:0px;color: ;font-weight:normal;margin-bottom:20px; margin-top:px; text-transform:\" id=\"fancy-title-69f223d1eaeb6\" class=\"marki-fancy-title responsive-align-center simple-title left-align  \"><span class=\"fancy-title-span pointed\" >DriveNoter Tiimeille<br\/>\n<\/span><\/h2><\/div><div id=\"ajax-69f223d1eaeb6\" class=\"marki-dynamic-styles\"><!--  #fancy-title-69f223d1eaeb6 a{ color: ; }--><\/div><div><div class=\"marki-text-block responsive-align-center  \"><p><strong>Tarvitsetko useamman k\u00e4ytt\u00f6oikeuden ja keskitetty\u00e4 hallintaa?<\/strong><\/p>\n<p>Kaikkiin tilauksiin on saatavilla pilvipalvelu, jonka avulla hallitset ajot, k\u00e4ytt\u00e4j\u00e4t ja laitteet helposti yhdest\u00e4 paikasta. Palvelu tallentaa ajo- ja ty\u00f6p\u00e4iv\u00e4kirjat, kuittitiedot sek\u00e4 tarjoaa kattavat ty\u00f6kalut kuljettajien hallintaan.<\/p>\n<p>Kysy meilt\u00e4 sopivaa ratkaisua \u2013 laskemme sinulle tarjouksen tarpeidesi mukaan. Halutessasi j\u00e4rjest\u00e4mme my\u00f6s koek\u00e4yt\u00f6n. Ota yhteytt\u00e4 ja kokeile k\u00e4yt\u00e4nn\u00f6ss\u00e4!<\/p>\n<div class=\"clearboth\"><\/div><\/div> <\/div><div><div class=\"marki-text-block responsive-align-center  lineh30\"><h3>Cloud Start<\/h3>\n<ul>\n<li>Ajop\u00e4iv\u00e4kirja tallennus pilveen<\/li>\n<li>Ty\u00f6p\u00e4iv\u00e4kirja tallennus pilveen<\/li>\n<li>Yksi laitek\u00e4ytt\u00f6oikeus<\/li>\n<li>1+3 k\u00e4ytt\u00e4j\u00e4\u00e4 hallinnointi pilvest\u00e4<\/li>\n<li>Lis\u00e4laitteet ja k\u00e4ytt\u00e4j\u00e4t hinnoitellaan erikseen<\/li>\n<li>Raportit (Excel, Pdf, CSV)<\/li>\n<\/ul>\n<div class=\"clearboth\"><\/div><\/div> <\/div><div style=\"display:block;\"><a href=\"https:\/\/www.ewooks.fi\/contact\/\"   class=\"marki-button btn-69f223d1eb0e8  fill-button medium pointed \"><span>Pyyd\u00e4 Tarjous!<\/span><\/a><\/div><div id=\"ajax-69f223d1eb0e8\" class=\"marki-dynamic-styles\"><!-- .btn-69f223d1eb0e8 { color: !important; border: 0px solid #dd3333; margin-bottom:0px; margin-left:px; background-color:#dd3333; font-size:17; } .btn-69f223d1eb0e8::before { background-color:#dd0000 !important; } .btn-69f223d1eb0e8:hover { color:#ffffff !important; border: 0px solid #dd0000; background:#dd0000 !important; }--><\/div><\/div><\/div><\/div><div class=\"wpb_column vc_column_container vc_col-sm-6\"><div class=\"vc_column-inner\"><div class=\"wpb_wrapper\"><\/div><\/div><\/div><\/div><div class=\"vc_row wpb_row vc_row-fluid\"><div class=\"wpb_column vc_column_container vc_col-sm-12\"><div class=\"vc_column-inner\"><div class=\"wpb_wrapper\"><div class=\"vc_empty_space\"   style=\"height: 32px\"><span class=\"vc_empty_space_inner\"><\/span><\/div><\/div><\/div><\/div><\/div><section data-vc-full-width=\"true\" data-vc-full-width-temp=\"true\" data-vc-full-width-init=\"false\" class=\"vc_section vc_custom_1607176088458 vc_section-has-fill\"><div class=\"vc_row wpb_row vc_row-fluid vc_custom_1607176017182 vc_row-has-fill\"><div class=\"wpb_column vc_column_container vc_col-sm-12\"><div class=\"vc_column-inner\"><div class=\"wpb_wrapper\">\n\t<div  class=\"wpb_single_image wpb_content_element vc_align_center wpb_content_element\">\n\t\t\n\t\t<figure class=\"wpb_wrapper vc_figure\">\n\t\t\t<div class=\"vc_single_image-wrapper   vc_box_border_grey\"><img loading=\"lazy\" decoding=\"async\" width=\"150\" height=\"150\" src=\"https:\/\/www.ewooks.fi\/wp-content\/uploads\/2020\/12\/taximetter_pro2-150x150.png\" class=\"vc_single_image-img attachment-thumbnail\" alt=\"\" title=\"taximetter_pro2\" srcset=\"https:\/\/www.ewooks.fi\/wp-content\/uploads\/2020\/12\/taximetter_pro2-150x150.png 150w, https:\/\/www.ewooks.fi\/wp-content\/uploads\/2020\/12\/taximetter_pro2-600x600.png 600w, https:\/\/www.ewooks.fi\/wp-content\/uploads\/2020\/12\/taximetter_pro2-300x300.png 300w, https:\/\/www.ewooks.fi\/wp-content\/uploads\/2020\/12\/taximetter_pro2-100x100.png 100w, https:\/\/www.ewooks.fi\/wp-content\/uploads\/2020\/12\/taximetter_pro2.png 512w\" sizes=\"auto, (max-width: 150px) 100vw, 150px\" \/><\/div>\n\t\t<\/figure>\n\t<\/div>\n<div class=\"vc_empty_space\"   style=\"height: 32px\"><span class=\"vc_empty_space_inner\"><\/span><\/div><div style=\"block;\"><h3 style=\"display:font-size: 14px;text-align:left;line-height:22px;letter-spacing:0px;color: ;font-weight:normal;margin-bottom:20px; margin-top:px; text-transform:\" id=\"fancy-title-69f223d1ebf98\" class=\"marki-fancy-title responsive-align-center simple-title left-align  \"><span class=\"fancy-title-span pointed\" >Cabidi taksa\/sopimushinta laskuri hinnat tilattaessa laskulla<br\/>\n<\/span><\/h3><\/div><div id=\"ajax-69f223d1ebf98\" class=\"marki-dynamic-styles\"><!--  #fancy-title-69f223d1ebf98 a{ color: ; }--><\/div><\/div><\/div><\/div><\/div><div class=\"vc_row wpb_row vc_row-fluid\"><div class=\"wpb_column vc_column_container vc_col-sm-6\"><div class=\"vc_column-inner\"><div class=\"wpb_wrapper\"><div class=\"ult_pricing_table_wrap ult_design_3  ult-cs-yellow  \">\n\t\t\t\t\t<div class=\"ult_pricing_table \" style=\"\"><div id=\"price-table-wrap-3630\" class=\"ult_pricing_heading\">\n\t\t\t\t\t\t\t<h1 class=\"price-heading ult-responsive cust-headformat\"  data-ultimate-target='#price-table-wrap-3630 .cust-headformat'  data-responsive-json-new='{\"font-size\":\"\",\"line-height\":\"\"}'  style=\"font-weight:normal;color:#ffffff;\">Cabidi Cloud Start<\/h1><\/div><!--ult_pricing_heading--><div class=\"ult_price_body_block\" style=\"\">\n\t\t\t\t\t\t\t<div class=\"ult_price_body\">\n\t\t\t\t\t\t\t\t<div id=\"price-table-wrap-7815\"  class=\"ult_price\">\n\t\t\t\t\t\t\t\t\t<span  data-ultimate-target='#price-table-wrap-7815 .ult_price_figure'  data-responsive-json-new='{\"font-size\":\"\",\"line-height\":\"\"}'  class=\"ult_price_figure ult-responsive\" style=\"font-weight:normal;\">Kysy tarjous<\/span>\n\t\t\t\t\t\t\t\t\t<span  data-ultimate-target='#price-table-wrap-7815 .ult_price_term'  data-responsive-json-new='{\"font-size\":\"\",\"line-height\":\"\"}'  class=\"ult_price_term ult-responsive\" style=\"font-weight:normal;\">1 kk<\/span>\n\t\t\t\t\t\t\t\t<\/div>\n\t\t\t\t\t\t\t<\/div>\n\t\t\t\t\t\t<\/div><!--ult_price_body_block--><div id=\"price-table-features-wrap-9173\" class=\"ult_price_features ult-responsive\"  data-ultimate-target='#price-table-features-wrap-9173'  data-responsive-json-new='{\"font-size\":\"\",\"line-height\":\"\"}'  style=\"font-weight:normal;\">\n\t\t\t\t\t\t\t<h3><\/h3>\n<ul>\n<li>K\u00e4ytt\u00f6oikeus 1kk<\/li>\n<li>Sopimushinta laskuri<\/li>\n<li>Ajop\u00e4iv\u00e4kirja laitteessa ja pilveen<\/li>\n<li>Ty\u00f6p\u00e4iv\u00e4kirja laitteessa ja pilveen<\/li>\n<li>Yksi laitek\u00e4ytt\u00f6oikeus<\/li>\n<li>1+3 k\u00e4ytt\u00e4j\u00e4\u00e4 hallinnointi pilvest\u00e4<\/li>\n<li>Lis\u00e4laitteet ja k\u00e4ytt\u00e4j\u00e4t hinnoitellaan erikseen<\/li>\n<li>Transaktioiden seurata ja tallennus laitteelta<\/li>\n<li>Raportit (Excel, Pdf, CSV)<\/li>\n<\/ul>\n\n\t\t\t\t\t\t<\/div><!--ult_price_features--><div class=\"ult_clr\"><\/div>\n\t\t\t<\/div><!--pricing_table-->\n\t\t<\/div><!--pricing_table_wrap--><div class=\"vc_row wpb_row vc_inner vc_row-fluid\"><div class=\"wpb_column vc_column_container vc_col-sm-6\"><div class=\"vc_column-inner\"><div class=\"wpb_wrapper\"><div class=\"vc_btn3-container vc_btn3-center vc_do_btn\" ><a class=\"vc_general vc_btn3 vc_btn3-size-md vc_btn3-shape-rounded vc_btn3-style-modern vc_btn3-color-warning\" href=\"https:\/\/www.ewooks.fi\/ajopaivakirjan-tilaus\/\" title=\"\">TILAA LASKULLA<\/a><\/div><\/div><\/div><\/div><div class=\"wpb_column vc_column_container vc_col-sm-6\"><div class=\"vc_column-inner\"><div class=\"wpb_wrapper\"><div class=\"vc_btn3-container vc_btn3-center vc_do_btn\" ><a class=\"vc_general vc_btn3 vc_btn3-size-md vc_btn3-shape-rounded vc_btn3-style-modern vc_btn3-color-warning\" href=\"https:\/\/www.ewooks.fi\/contact\/\" title=\"\">OTA YHTEYTT\u00c4!<\/a><\/div><\/div><\/div><\/div><\/div><\/div><\/div><\/div><div class=\"wpb_column vc_column_container vc_col-sm-6\"><div class=\"vc_column-inner\"><div class=\"wpb_wrapper\"><div class=\"ult_pricing_table_wrap ult_design_3  ult-cs-black  \">\n\t\t\t\t\t<div class=\"ult_pricing_table \" style=\"\"><div id=\"price-table-wrap-8061\" class=\"ult_pricing_heading\">\n\t\t\t\t\t\t\t<h1 class=\"price-heading ult-responsive cust-headformat\"  data-ultimate-target='#price-table-wrap-8061 .cust-headformat'  data-responsive-json-new='{\"font-size\":\"\",\"line-height\":\"\"}'  style=\"font-weight:normal;color:#ffffff;\">Cabidi Cloud Professional<\/h1><\/div><!--ult_pricing_heading--><div class=\"ult_price_body_block\" style=\"\">\n\t\t\t\t\t\t\t<div class=\"ult_price_body\">\n\t\t\t\t\t\t\t\t<div id=\"price-table-wrap-4635\"  class=\"ult_price\">\n\t\t\t\t\t\t\t\t\t<span  data-ultimate-target='#price-table-wrap-4635 .ult_price_figure'  data-responsive-json-new='{\"font-size\":\"\",\"line-height\":\"\"}'  class=\"ult_price_figure ult-responsive\" style=\"font-weight:normal;\">Kysy<\/span>\n\t\t\t\t\t\t\t\t\t<span  data-ultimate-target='#price-table-wrap-4635 .ult_price_term'  data-responsive-json-new='{\"font-size\":\"\",\"line-height\":\"\"}'  class=\"ult_price_term ult-responsive\" style=\"font-weight:normal;\">1kk<\/span>\n\t\t\t\t\t\t\t\t<\/div>\n\t\t\t\t\t\t\t<\/div>\n\t\t\t\t\t\t<\/div><!--ult_price_body_block--><div id=\"price-table-features-wrap-5074\" class=\"ult_price_features ult-responsive\"  data-ultimate-target='#price-table-features-wrap-5074'  data-responsive-json-new='{\"font-size\":\"\",\"line-height\":\"\"}'  style=\"font-weight:normal;\">\n\t\t\t\t\t\t\t<ul>\n<li>K\u00e4ytt\u00f6oikeus 1kk<\/li>\n<li>Sopimushinta laskuri<\/li>\n<li>Ajop\u00e4iv\u00e4kirja laitteessa ja pilveen<\/li>\n<li>Ty\u00f6p\u00e4iv\u00e4kirja laitteessa ja pilveen<\/li>\n<li>Yksi laitek\u00e4ytt\u00f6oikeus<\/li>\n<li>1+5 k\u00e4ytt\u00e4j\u00e4\u00e4 hallinnointi pilvest\u00e4<\/li>\n<li>Transaktioiden seurata ja tallennus laitteelta<\/li>\n<li>Laitteiden seuranta<\/li>\n<li>\u00a0Viestikeskus<\/li>\n<li>Integraatiot esim. omalla verkkosivulla olevaan tilauslomakkeeseen (Integraatio ty\u00f6t hinnoitellaan erikseen)<\/li>\n<li>Lis\u00e4laitteet ja k\u00e4ytt\u00e4j\u00e4t hinnoitellaan erikseen<\/li>\n<li>Raportit (Excel, Pdf, CSV)<\/li>\n<\/ul>\n\n\t\t\t\t\t\t<\/div><!--ult_price_features--><div class=\"ult_clr\"><\/div>\n\t\t\t<\/div><!--pricing_table-->\n\t\t<\/div><!--pricing_table_wrap--><div class=\"vc_btn3-container vc_btn3-center vc_do_btn\" ><a class=\"vc_general vc_btn3 vc_btn3-size-md vc_btn3-shape-rounded vc_btn3-style-modern vc_btn3-color-inverse\" href=\"https:\/\/www.ewooks.fi\/contact\/\" title=\"\">OTA YHTEYTT\u00c4!<\/a><\/div><\/div><\/div><\/div><\/div><div class=\"vc_row wpb_row vc_row-fluid\"><div class=\"wpb_column vc_column_container vc_col-sm-12\"><div class=\"vc_column-inner\"><div class=\"wpb_wrapper\"><div class=\"vc_message_box vc_message_box-standard vc_message_box-rounded vc_color-info vc_do_message\" ><div class=\"vc_message_box-icon\"><i class=\"fa fa-solid fa-circle-info\"><\/i><\/div><p>Hinnat alv 25,5%.<br \/>\nYksi peruslisenssi kattaa yhden yll\u00e4pit\u00e4j\u00e4n ja kaksi kuljettajak\u00e4ytt\u00e4j\u00e4\u00e4. Tarvitsetko lis\u00e4\u00e4 k\u00e4ytt\u00e4ji\u00e4? Ota meihin rohkeasti yhteytt\u00e4 tarjouksen saamiseksi!\u00a0info[at]ewooks.fi<\/p>\n<\/div><\/div><\/div><\/div><\/div><div class=\"vc_row wpb_row vc_row-fluid\"><div class=\"wpb_column vc_column_container vc_col-sm-12\"><div class=\"vc_column-inner\"><div class=\"wpb_wrapper\"><div class=\"vc_empty_space\"   style=\"height: 32px\"><span class=\"vc_empty_space_inner\"><\/span><\/div><\/div><\/div><\/div><\/div><\/section><div class=\"vc_row-full-width vc_clearfix\"><\/div>\n<\/div>","protected":false},"excerpt":{"rendered":"DriveNoter Ajop\u00e4iv\u00e4kirja hinnasto STARTERKuukausi alk. 9,90 \u20ac 1 kk (kuukausi) \u2705 K\u00e4ytt\u00f6: Yksityiset, yritykset ja yhteis\u00f6t \u2705 K\u00e4ytt\u00f6oikeus 30 pv \u2705 Rajoittamattomat ajot \u2705 Ajop\u00e4iv\u00e4kirja laitteessa \u2705 Ty\u00f6p\u00e4iv\u00e4kirja laitteessa \u2705 Raportit suoraan laitteelta \u2705 Varmuuskopio tietokannasta Google Driveen \u2705 K\u00e4ytt\u00f6oikeus yhteen laitteeseen (extra lisenssit myd\u00e4\u00e4n erikseen, kysy!) Ewooks pilvitallennus ostettavissa erikseen kysy! TILAA LASKUTUKSELLA!TILAUS BUSINESSVuosi [...]","protected":false},"author":1,"featured_media":0,"parent":0,"menu_order":0,"comment_status":"closed","ping_status":"closed","template":"","meta":{"footnotes":""},"class_list":["post-1913","page","type-page","status-publish","hentry"],"_links":{"self":[{"href":"https:\/\/www.ewooks.fi\/en\/wp-json\/wp\/v2\/pages\/1913","targetHints":{"allow":["GET"]}}],"collection":[{"href":"https:\/\/www.ewooks.fi\/en\/wp-json\/wp\/v2\/pages"}],"about":[{"href":"https:\/\/www.ewooks.fi\/en\/wp-json\/wp\/v2\/types\/page"}],"author":[{"embeddable":true,"href":"https:\/\/www.ewooks.fi\/en\/wp-json\/wp\/v2\/users\/1"}],"replies":[{"embeddable":true,"href":"https:\/\/www.ewooks.fi\/en\/wp-json\/wp\/v2\/comments?post=1913"}],"version-history":[{"count":62,"href":"https:\/\/www.ewooks.fi\/en\/wp-json\/wp\/v2\/pages\/1913\/revisions"}],"predecessor-version":[{"id":3765,"href":"https:\/\/www.ewooks.fi\/en\/wp-json\/wp\/v2\/pages\/1913\/revisions\/3765"}],"wp:attachment":[{"href":"https:\/\/www.ewooks.fi\/en\/wp-json\/wp\/v2\/media?parent=1913"}],"curies":[{"name":"wp","href":"https:\/\/api.w.org\/{rel}","templated":true}]}}