{"id":133,"date":"2017-07-03T11:39:53","date_gmt":"2017-07-03T11:39:53","guid":{"rendered":"http:\/\/www.ewooks.fi\/?page_id=133"},"modified":"2018-01-03T07:28:33","modified_gmt":"2018-01-03T07:28:33","slug":"blog","status":"publish","type":"page","link":"https:\/\/www.ewooks.fi\/en\/blog\/","title":{"rendered":"OUR BLOG"},"content":{"rendered":"<div class=\"wpb-content-wrapper\"><div data-vc-full-width=\"true\" data-vc-full-width-temp=\"true\" data-vc-full-width-init=\"false\" class=\"vc_row wpb_row vc_row-fluid vc_custom_1499083232347 vc_row-has-fill\"><div class=\"wpb_column vc_column_container vc_col-sm-12\"><div class=\"vc_column-inner\"><div class=\"wpb_wrapper\"><div><div class=\"loop-main-wrapper\"><section id=\"marki-blog-loop-69d65cda7d514\" data-style=\"tile\" data-uniqid=\"1499081911-595a2cb703862\" class=\"marki-blog-container clearfix marki-tile-wrapper mag-one-column load-button-style\">\n<article id=\"entry-622\" class=\"blog-tile-entry tile-1499081911-595a2cb703862 marki-isotop-item three-column image-post-type\"><div class=\"item-holder\"><div class=\"featured-image\"><div class=\"grid-image-inner\"><img loading=\"lazy\" decoding=\"async\" alt=\"Ajop\u00e4iv\u00e4kirjan saa nyt my\u00f6s laskulla\" class=\"item-featured-image\" width=\"370\" height=\"250\" title=\"Ajop\u00e4iv\u00e4kirjan saa nyt my\u00f6s laskulla\" src=\"https:\/\/www.ewooks.fi\/wp-content\/uploads\/bfi_thumb\/fbbanner-1-nr6kvhutqcfqtaczfo0l7v754q96v2wcqz5b9hpu84.jpg\" itemprop=\"image\" \/><\/div><\/div><div class=\"item-inner-holder\"><div class=\"blog-meta\"><span class=\"date\"><a href=\"https:\/\/www.ewooks.fi\/en\/2018\/06\/\">4 June 2018<\/a><\/span><div class=\"clearboth\"><\/div><\/div><div class=\"blog-entry-heading\"><h5 class=\"blog-title\"><a href=\"https:\/\/www.ewooks.fi\/en\/ajokki-ajopaivakirjan-saa-nyt-myos-laskulla\/\">Ajop\u00e4iv\u00e4kirjan saa nyt my\u00f6s laskulla<\/a><\/h5><\/div><div class=\"blog-excerpt\">31.5.2018 Ewooks muutti ajop\u00e4iv\u00e4kirjan ostomallia, ja nyt asiakkaat voivat hankkia ...<\/div><\/div><\/div><\/article><article id=\"entry-1032\" class=\"blog-tile-entry tile-1499081911-595a2cb703862 marki-isotop-item three-column image-post-type\"><div class=\"item-holder\"><div class=\"featured-image\"><div class=\"grid-image-inner\"><img loading=\"lazy\" decoding=\"async\" alt=\"Miksi ajop\u00e4iv\u00e4kirjaa t\u00e4ytyy pit\u00e4\u00e4?\" class=\"item-featured-image\" width=\"370\" height=\"250\" title=\"Miksi ajop\u00e4iv\u00e4kirjaa t\u00e4ytyy pit\u00e4\u00e4?\" src=\"https:\/\/www.ewooks.fi\/wp-content\/uploads\/bfi_thumb\/3-nc3cmxl0b5vvbrbheocmtignlzpr6p6mox2upbydz8.jpg\" itemprop=\"image\" \/><\/div><\/div><div class=\"item-inner-holder\"><div class=\"blog-meta\"><span class=\"date\"><a href=\"https:\/\/www.ewooks.fi\/en\/2019\/04\/\">11 April 2019<\/a><\/span><div class=\"clearboth\"><\/div><\/div><div class=\"blog-entry-heading\"><h5 class=\"blog-title\"><a href=\"https:\/\/www.ewooks.fi\/en\/miksi-ajopaivakirjaa-taytyy-pitaa\/\">Miksi ajop\u00e4iv\u00e4kirjaa t\u00e4ytyy pit\u00e4\u00e4?<\/a><\/h5><\/div><div class=\"blog-excerpt\">Ajop\u00e4iv\u00e4kirjan pit\u00e4minen on t\u00e4rke\u00e4\u00e4, jos k\u00e4yt\u00e4t autoa elinkeinotoiminnassa ja haluat saada ...<\/div><\/div><\/div><\/article><article id=\"entry-1245\" class=\"blog-tile-entry tile-1499081911-595a2cb703862 marki-isotop-item three-column image-post-type\"><div class=\"item-holder\"><div class=\"featured-image\"><div class=\"grid-image-inner\"><img loading=\"lazy\" decoding=\"async\" alt=\"Ajokki Ajop\u00e4iv\u00e4kirja esill\u00e4 Koneviestiss\u00e4 29.8.2019\" class=\"item-featured-image\" width=\"370\" height=\"250\" title=\"Ajokki Ajop\u00e4iv\u00e4kirja esill\u00e4 Koneviestiss\u00e4 29.8.2019\" src=\"https:\/\/www.ewooks.fi\/wp-content\/uploads\/bfi_thumb\/koneviesti-odbrzrveqlx6vzsicc807g7ognbgnpchj6175gt9ok.png\" itemprop=\"image\" \/><\/div><\/div><div class=\"item-inner-holder\"><div class=\"blog-meta\"><span class=\"date\"><a href=\"https:\/\/www.ewooks.fi\/en\/2019\/09\/\">5 September 2019<\/a><\/span><div class=\"clearboth\"><\/div><\/div><div class=\"blog-entry-heading\"><h5 class=\"blog-title\"><a href=\"https:\/\/www.ewooks.fi\/en\/ajokki-ajopaivakirja-esilla-koneviestissa-29-8-2019\/\">Ajokki Ajop\u00e4iv\u00e4kirja esill\u00e4 Koneviestiss\u00e4 29.8.2019<\/a><\/h5><\/div><div class=\"blog-excerpt\">Ajokki Ajop\u00e4iv\u00e4kirja on mukana 29.8.2019 julkaistussa Koneviesti lehdess\u00e4.Artikkeli k\u00e4sittelee ...<\/div><\/div><\/div><\/article><\/section><div class=\"clearboth\"><\/div><\/div><\/div><div id=\"ajax-69d65cda7d514\" class=\"marki-dynamic-styles\"><!-- --><\/div><\/div><\/div><\/div><\/div><div class=\"vc_row-full-width vc_clearfix\"><\/div>\n<\/div>","protected":false},"excerpt":{"rendered":"Ajokki Ajop\u00e4iv\u00e4kirja on mukana 29.8.2019 julkaistussa Koneviesti lehdess\u00e4.Artikkeli k\u00e4sittelee aihetta miten eri ajop\u00e4iv\u00e4kirja sovellukset ja laitteet voivat helpottaa yritt\u00e4j\u00e4n arkea. Artikkelin voi lukea t\u00e4\u00e4lt\u00e4: https:\/\/www.koneviesti.fi\/huolto-tyokalut\/artikkeli-1.496083 Lukemiseen vaaditaan Koneviestin lukuoikeus.","protected":false},"author":1,"featured_media":0,"parent":0,"menu_order":0,"comment_status":"closed","ping_status":"closed","template":"","meta":{"footnotes":""},"class_list":["post-133","page","type-page","status-publish","hentry"],"_links":{"self":[{"href":"https:\/\/www.ewooks.fi\/en\/wp-json\/wp\/v2\/pages\/133","targetHints":{"allow":["GET"]}}],"collection":[{"href":"https:\/\/www.ewooks.fi\/en\/wp-json\/wp\/v2\/pages"}],"about":[{"href":"https:\/\/www.ewooks.fi\/en\/wp-json\/wp\/v2\/types\/page"}],"author":[{"embeddable":true,"href":"https:\/\/www.ewooks.fi\/en\/wp-json\/wp\/v2\/users\/1"}],"replies":[{"embeddable":true,"href":"https:\/\/www.ewooks.fi\/en\/wp-json\/wp\/v2\/comments?post=133"}],"version-history":[{"count":0,"href":"https:\/\/www.ewooks.fi\/en\/wp-json\/wp\/v2\/pages\/133\/revisions"}],"wp:attachment":[{"href":"https:\/\/www.ewooks.fi\/en\/wp-json\/wp\/v2\/media?parent=133"}],"curies":[{"name":"wp","href":"https:\/\/api.w.org\/{rel}","templated":true}]}}