{"id":1026,"date":"2019-04-10T12:58:48","date_gmt":"2019-04-10T12:58:48","guid":{"rendered":"http:\/\/www.ewooks.fi\/?page_id=1026"},"modified":"2024-04-24T15:50:35","modified_gmt":"2024-04-24T15:50:35","slug":"vikaraportit","status":"publish","type":"page","link":"https:\/\/www.ewooks.fi\/en\/vikaraportit\/","title":{"rendered":"Report a bug"},"content":{"rendered":"<div class=\"wpb-content-wrapper\">\n<h5 class=\"wp-block-heading\">Ohjelmiston k\u00e4ytt\u00f6\u00e4 koskevia kysymyksi\u00e4 ja vikaraportteja voi laittaa osoitteseen support[at]ewooks.fi<br><br>HUOM! Jos olet l\u00e4hett\u00e4nyt suoraan puhelinlaitteesta kaatumis raportteja, n\u00e4iden mukana Google ei toimita mit\u00e4\u00e4n k\u00e4ytt\u00e4jien yhteystietoja. Saadaksesi henkil\u00f6kohtaisen yhteydenteydenoton lis\u00e4\u00e4 yhteystietosi raporttiin.&nbsp;<br>Google Playn kautta ohjelmisto on saatavilla yli 7000:lle eri Android-laitteelle ja luonnollisesti t\u00e4st\u00e4 m\u00e4\u00e4r\u00e4st\u00e4 laitteita l\u00f6ytyy joskus virheellist\u00e4 toimintaa. Auta meit\u00e4 korjaamaan ongelmia ja laita vikaraportti alla olevassa formaatissa.<br><br>Jotta pystyme mahdollsimman tarkaan toistamaan mahdollisen vian pyyd\u00e4mme vastamaan viestiss\u00e4 seuraaviin kysymyksiin.<\/h5>\n\n\n\n<p>Puhelinmalli:<br>Android versio:<br>Ajokki sovellus versio:<br>Laitetunnus: (L\u00f6ytyy kauppan\u00e4kym\u00e4st\u00e4)<br>OBD-tilassa: [ ] k\u00e4yt\u00f6ss\u00e4<br>GPS-tilassa: [ ] k\u00e4yt\u00f6ss\u00e4<br>OBD-laiteen merkki:<br>Autonmerkki:<br>Kuinka vika toistetaan (Mahd. tarkat askeleet):&nbsp;<br>Mit\u00e4 tapahtuu? (Esim. kaatuu):<br>Odotettu lopputulos (Mit\u00e4 pit\u00e4isi tapahtua?):<br>Muuta?:<\/p>\n\n\n\n<h5 class=\"wp-block-heading\">Muissa asioissa voit ottaa yhteytt\u00e4 osoitteseen sami[at]ewooks.fi, voit my\u00f6s k\u00e4ytt\u00e4\u00e4 alla olevaa lomaketta.<br><br>Etsitk\u00f6 miten voi peruutta tilaukset? Ohjeita l\u00f6ytyy t\u00e4\u00e4lt\u00e4 ->\u00a0<a href=\"https:\/\/www.ewooks.fi\/ajopaivakirja-hintataulukko\/\" title=\"\">Hinnat<\/a>, Tilausten peruuttaminen tehd\u00e4\u00e4n Google\/Google Playn kautta.<\/h5>\n\n\n\n<p>&nbsp;<\/p>\n\n\n<div id=\"dhvcform-1025\"  class=\"dhvc-form-container dhvc-form-icon-pos-right dhvc-form-vertical dhvc-form-flat\">\n<div class=\"dhvc-form-message dhvc-form-message-top\" style=\"display:none\"><\/div>\n<form novalidate data-currency=\"USD\" data-currency_symbol=\"&#036;\" data-price_format=\"%s%v\"   data-scroll_to_msg=\"1\" data-ajax_reset_submit=\"1\" data-popup=\"0\" autocomplete=\"off\" data-use-ajax=\"1\" method=\"post\" class=\"dhvcform dhvcform-1025 dhvcform-action-default\"  enctype =\"multipart\/form-data\" target=\"_self\" >\n<div class=\"dhvc-form-inner\">\n<div class=\"vc_row wpb_row vc_row-fluid\"><div class=\"wpb_column vc_column_container vc_col-sm-6\"><div class=\"vc_column-inner\"><div class=\"wpb_wrapper\"><div class=\"dhvc-form-group dhvc-form-fname-box dhvc_form_text \">\n<div class=\"dhvc-form-input \">\n<input data-field-name=\"fname\" autocomplete=\"off\" type=\"text\" id=\"dhvc_form_control_fname\" name=\"fname\" value=\"\"   class=\"dhvc-form-control dhvc-form-control-fname dhvc-form-value dhvc-form-required-entry \"  required aria-required=\"true\"  placeholder=\"Nimi\"  \/>\n<\/div><\/div>\n<\/div><\/div><\/div><div class=\"wpb_column vc_column_container vc_col-sm-6\"><div class=\"vc_column-inner\"><div class=\"wpb_wrapper\"><div class=\"dhvc-form-group dhvc-form-client_email-box dhvc_form_email \">\n<div class=\"dhvc-form-input \">\n<input data-field-name=\"client_email\" autocomplete=\"off\" type=\"email\" id=\"dhvc_form_control_client_email\" name=\"client_email\" value=\"\"  class=\"dhvc-form-control dhvc-form-control-client_email dhvc-form-value dhvc-form-required-entry dhvc-form-validate-email  \"  required aria-required=\"true\"  placeholder=\"S\u00e4hk\u00f6posti\" >\n<\/div><\/div>\n<\/div><\/div><\/div><\/div><div class=\"vc_row wpb_row vc_row-fluid\"><div class=\"wpb_column vc_column_container vc_col-sm-12\"><div class=\"vc_column-inner\"><div class=\"wpb_wrapper\"><div class=\"dhvc-form-group dhvc-form-client_message-box dhvc_form_textarea \">\n<div class=\"dhvc-form-textarea\">\n<textarea data-field-name=\"client_message\" id=\"dhvc_form_control_client_message\" name=\"client_message\"  class=\"dhvc-form-control dhvc-form-control-client_message dhvc-form-value dhvc-form-required-entry\"  required aria-required=\"true\"  placeholder=\"\" >Puhelinmalli: \r\nAndroid versio: \r\nAjokki sovellus versio: \r\nLaitetunnus: \r\n(L\u00f6ytyy Ajokki:n kauppan\u00e4kym\u00e4st\u00e4) OBD-tilassa:  \r\nk\u00e4yt\u00f6ss\u00e4 GPS-tilassa:  \r\nk\u00e4yt\u00f6ss\u00e4 OBD-laiteen merkki: \r\nAutonmerkki: \r\nKuinka vika toistetaan (Mahd. tarkat askeleet): \r\nMit\u00e4 tapahtuu? (Esim. kaatuu): \r\nOdotettu lopputulos (Mit\u00e4 pit\u00e4isi tapahtua?): \r\nMuuta?:<\/textarea>\n<\/div><\/div>\n<\/div><\/div><\/div><\/div><div class=\"vc_row wpb_row vc_row-fluid\"><div class=\"wpb_column vc_column_container vc_col-sm-12\"><div class=\"vc_column-inner\"><div class=\"wpb_wrapper\">\r\n<div class=\"dhvc-form-action dhvc_form_submit_button \">\r\n\t<button type=\"submit\" class=\"button dhvc-form-submit\">\r\n\t\t<span class=\"dhvc-form-submit-label\">L\u00e4het\u00e4<\/span>\r\n\t\t<span aria-hidden=\"true\" class=\"dhvc-form-submit-spinner\">\r\n\t\t\t<svg version=\"1.1\" xmlns=\"http:\/\/www.w3.org\/2000\/svg\" xmlns:xlink=\"http:\/\/www.w3.org\/1999\/xlink\" x=\"0px\" y=\"0px\" viewBox=\"25 25 50 50\"  xml:space=\"preserve\">\r\n\t\t\t\t<circle class=\"path\" cx=\"50\" cy=\"50\" r=\"20\" stroke-dasharray=\"89, 200\" stroke=\"currentColor\" stroke-dashoffset=\"-35\" fill=\"none\" stroke-width=\"5\" stroke-miterlimit=\"10\"\/>\r\n\t\t\t<\/svg>\r\n\t\t<\/span>\r\n\t<\/button>\r\n<\/div><\/div><\/div><\/div><\/div>\r\n<\/div><div style=\"display: none;\">\n<input class=\"_dhvc_form_ignore_field\" type=\"hidden\" name=\"action\" value=\"dhvc_form_ajax\">\n<input class=\"_dhvc_form_ignore_field\" type=\"hidden\" name=\"_dhvc_form_hidden_fields\" value=\"\">\n<input class=\"_dhvc_form_ignore_field\" type=\"hidden\" name=\"_dhvc_form_id\" value=\"1025\">\n<input class=\"_dhvc_form_ignore_field\" type=\"hidden\" name=\"_dhvc_form_url\" value=\"https:\/\/www.ewooks.fi\/en\/wp-json\/wp\/v2\/pages\/1026\">\n<input class=\"_dhvc_form_ignore_field\" type=\"hidden\" name=\"_dhvc_form_referer\" value=\"\">\n<input class=\"_dhvc_form_ignore_field\" type=\"hidden\" name=\"_dhvc_form_post_id\" value=\"1026\">\n<input class=\"_dhvc_form_ignore_field\" type=\"hidden\" name=\"_dhvc_form_nonce\" value=\"13be024063\">\n<\/div>\n<\/form>\n<\/div>\n<\/div>","protected":false},"excerpt":{"rendered":"<p>Ohjelmiston k\u00e4ytt\u00f6\u00e4 koskevia kysymyksi\u00e4 ja vikaraportteja voi laittaa osoitteseen support[at]ewooks.fi HUOM! Jos olet l\u00e4hett\u00e4nyt suoraan puhelinlaitteesta kaatumis raportteja, n\u00e4iden mukana Google ei toimita mit\u00e4\u00e4n k\u00e4ytt\u00e4jien yhteystietoja. Saadaksesi henkil\u00f6kohtaisen yhteydenteydenoton lis\u00e4\u00e4 yhteystietosi raporttiin.&nbsp;Google Playn kautta ohjelmisto on saatavilla yli 7000:lle eri Android-laitteelle ja luonnollisesti t\u00e4st\u00e4 m\u00e4\u00e4r\u00e4st\u00e4 laitteita l\u00f6ytyy joskus virheellist\u00e4 toimintaa. Auta meit\u00e4 korjaamaan ongelmia ja [&hellip;]<\/p>\n","protected":false},"author":1,"featured_media":0,"parent":0,"menu_order":0,"comment_status":"closed","ping_status":"closed","template":"","meta":{"footnotes":""},"class_list":["post-1026","page","type-page","status-publish","hentry"],"_links":{"self":[{"href":"https:\/\/www.ewooks.fi\/en\/wp-json\/wp\/v2\/pages\/1026","targetHints":{"allow":["GET"]}}],"collection":[{"href":"https:\/\/www.ewooks.fi\/en\/wp-json\/wp\/v2\/pages"}],"about":[{"href":"https:\/\/www.ewooks.fi\/en\/wp-json\/wp\/v2\/types\/page"}],"author":[{"embeddable":true,"href":"https:\/\/www.ewooks.fi\/en\/wp-json\/wp\/v2\/users\/1"}],"replies":[{"embeddable":true,"href":"https:\/\/www.ewooks.fi\/en\/wp-json\/wp\/v2\/comments?post=1026"}],"version-history":[{"count":0,"href":"https:\/\/www.ewooks.fi\/en\/wp-json\/wp\/v2\/pages\/1026\/revisions"}],"wp:attachment":[{"href":"https:\/\/www.ewooks.fi\/en\/wp-json\/wp\/v2\/media?parent=1026"}],"curies":[{"name":"wp","href":"https:\/\/api.w.org\/{rel}","templated":true}]}}